{"id":11392,"date":"2018-01-05T14:29:10","date_gmt":"2018-01-05T13:29:10","guid":{"rendered":"https:\/\/www.anza.fi\/wp\/fragor-och-svar\/"},"modified":"2022-11-28T12:58:54","modified_gmt":"2022-11-28T11:58:54","slug":"fragor-och-svar","status":"publish","type":"page","link":"https:\/\/www.anza.fi\/sv\/fragor-och-svar\/","title":{"rendered":"Fr\u00e5gor och svar"},"content":{"rendered":"\n<p>Vilken pensel passar b\u00e4st f\u00f6r att m\u00e5la lister? Varf\u00f6r \u00e4r det s\u00e5 bra med f\u00f6rl\u00e4ngningsskaft? Och finns det bra och d\u00e5liga v\u00e4der n\u00e4r man m\u00e5lar ute? H\u00e4r hittar du svar p\u00e5 vanliga fr\u00e5gor om v\u00e5ra produkter och om m\u00e5leri i allm\u00e4nhet.<\/p>\n","protected":false},"excerpt":{"rendered":"<p>Vilken pensel passar b\u00e4st f\u00f6r att m\u00e5la lister? Varf\u00f6r \u00e4r det s\u00e5 bra med f\u00f6rl\u00e4ngningsskaft? Och finns det bra och d\u00e5liga v\u00e4der n\u00e4r man m\u00e5lar ute? H\u00e4r hittar du svar p\u00e5 vanliga fr\u00e5gor om v\u00e5ra produkter och om m\u00e5leri i allm\u00e4nhet.<\/p>\n","protected":false},"author":1,"featured_media":0,"parent":0,"menu_order":0,"comment_status":"closed","ping_status":"closed","template":"FAQ.php","meta":{"_acf_changed":false,"_relevanssi_hide_post":"","_relevanssi_hide_content":"","_relevanssi_pin_for_all":"","_relevanssi_pin_keywords":"","_relevanssi_unpin_keywords":"","_relevanssi_related_keywords":"","_relevanssi_related_include_ids":"","_relevanssi_related_exclude_ids":"","_relevanssi_related_no_append":"","_relevanssi_related_not_related":"","_relevanssi_related_posts":"","_relevanssi_noindex_reason":"","inline_featured_image":false,"footnotes":""},"class_list":["post-11392","page","type-page","status-publish","hentry"],"acf":[],"yoast_head":"<!-- This site is optimized with the Yoast SEO plugin v27.4 - https:\/\/yoast.com\/product\/yoast-seo-wordpress\/ -->\n<title>Fr\u00e5gor och svar &#8211; Anza Master<\/title>\n<meta name=\"description\" content=\"Anza \u00e4r en ledande leverant\u00f6r av m\u00e5leriverktyg, penslar, rollers, reng\u00f6ring och tillbeh\u00f6r. Anza hj\u00e4lper dig med dina m\u00e5leriprojekt. L\u00e4s mer h\u00e4r!\" \/>\n<meta name=\"robots\" content=\"noindex, follow\" \/>\n<meta property=\"og:locale\" content=\"sv_SE\" \/>\n<meta property=\"og:type\" content=\"website\" \/>\n<meta property=\"og:title\" content=\"Fr\u00e5gor och svar &#8211; Anza Master\" \/>\n<meta property=\"og:description\" content=\"Anza \u00e4r en ledande leverant\u00f6r av m\u00e5leriverktyg, penslar, rollers, reng\u00f6ring och tillbeh\u00f6r. Anza hj\u00e4lper dig med dina m\u00e5leriprojekt. L\u00e4s mer h\u00e4r!\" \/>\n<meta property=\"og:url\" content=\"https:\/\/www.anza.fi\/sv\/fragor-och-svar\/\" \/>\n<meta property=\"og:site_name\" content=\"Anza Master\" \/>\n<meta property=\"article:publisher\" content=\"https:\/\/www.facebook.com\/anzamaleriverktyg\/\" \/>\n<meta property=\"article:modified_time\" content=\"2022-11-28T11:58:54+00:00\" \/>\n<meta name=\"twitter:card\" content=\"summary_large_image\" \/>\n<meta name=\"twitter:label1\" content=\"Ber\u00e4knad l\u00e4stid\" \/>\n\t<meta name=\"twitter:data1\" content=\"1 minut\" \/>\n<script type=\"application\/ld+json\" class=\"yoast-schema-graph\">{\"@context\":\"https:\\\/\\\/schema.org\",\"@graph\":[{\"@type\":\"WebPage\",\"@id\":\"https:\\\/\\\/www.anza.fi\\\/sv\\\/fragor-och-svar\\\/\",\"url\":\"https:\\\/\\\/www.anza.fi\\\/sv\\\/fragor-och-svar\\\/\",\"name\":\"Fr\u00e5gor och svar &#8211; Anza Master\",\"isPartOf\":{\"@id\":\"https:\\\/\\\/www.anza.fi\\\/sv\\\/#website\"},\"datePublished\":\"2018-01-05T13:29:10+00:00\",\"dateModified\":\"2022-11-28T11:58:54+00:00\",\"description\":\"Anza \u00e4r en ledande leverant\u00f6r av m\u00e5leriverktyg, penslar, rollers, reng\u00f6ring och tillbeh\u00f6r. Anza hj\u00e4lper dig med dina m\u00e5leriprojekt. L\u00e4s mer h\u00e4r!\",\"breadcrumb\":{\"@id\":\"https:\\\/\\\/www.anza.fi\\\/sv\\\/fragor-och-svar\\\/#breadcrumb\"},\"inLanguage\":\"sv-SE\",\"potentialAction\":[{\"@type\":\"ReadAction\",\"target\":[\"https:\\\/\\\/www.anza.fi\\\/sv\\\/fragor-och-svar\\\/\"]}]},{\"@type\":\"BreadcrumbList\",\"@id\":\"https:\\\/\\\/www.anza.fi\\\/sv\\\/fragor-och-svar\\\/#breadcrumb\",\"itemListElement\":[{\"@type\":\"ListItem\",\"position\":1,\"name\":\"Home\",\"item\":\"https:\\\/\\\/www.anza.fi\\\/sv\\\/\"},{\"@type\":\"ListItem\",\"position\":2,\"name\":\"Fr\u00e5gor och svar\"}]},{\"@type\":\"WebSite\",\"@id\":\"https:\\\/\\\/www.anza.fi\\\/sv\\\/#website\",\"url\":\"https:\\\/\\\/www.anza.fi\\\/sv\\\/\",\"name\":\"Anza M\u00e5leriverktyg\",\"description\":\"Brushes, rollers and tools that make painting easier\",\"publisher\":{\"@id\":\"https:\\\/\\\/www.anza.fi\\\/sv\\\/#organization\"},\"potentialAction\":[{\"@type\":\"SearchAction\",\"target\":{\"@type\":\"EntryPoint\",\"urlTemplate\":\"https:\\\/\\\/www.anza.fi\\\/sv\\\/?s={search_term_string}\"},\"query-input\":{\"@type\":\"PropertyValueSpecification\",\"valueRequired\":true,\"valueName\":\"search_term_string\"}}],\"inLanguage\":\"sv-SE\"},{\"@type\":\"Organization\",\"@id\":\"https:\\\/\\\/www.anza.fi\\\/sv\\\/#organization\",\"name\":\"Anza M\u00e5leriverktyg\",\"url\":\"https:\\\/\\\/www.anza.fi\\\/sv\\\/\",\"logo\":{\"@type\":\"ImageObject\",\"inLanguage\":\"sv-SE\",\"@id\":\"https:\\\/\\\/www.anza.fi\\\/sv\\\/#\\\/schema\\\/logo\\\/image\\\/\",\"url\":\"https:\\\/\\\/www.anza.fi\\\/app\\\/uploads\\\/sites\\\/21\\\/2021\\\/11\\\/ANZA_logo_2021_black_payoff.png\",\"contentUrl\":\"https:\\\/\\\/www.anza.fi\\\/app\\\/uploads\\\/sites\\\/21\\\/2021\\\/11\\\/ANZA_logo_2021_black_payoff.png\",\"width\":1582,\"height\":406,\"caption\":\"Anza M\u00e5leriverktyg\"},\"image\":{\"@id\":\"https:\\\/\\\/www.anza.fi\\\/sv\\\/#\\\/schema\\\/logo\\\/image\\\/\"},\"sameAs\":[\"https:\\\/\\\/www.facebook.com\\\/anzamaleriverktyg\\\/\",\"https:\\\/\\\/www.instagram.com\\\/anza_maleriverktyg\\\/\",\"https:\\\/\\\/www.linkedin.com\\\/company\\\/72567641\\\/\",\"https:\\\/\\\/www.youtube.com\\\/channel\\\/UCRly6WXZuX-7p72l_6FeiCg\"]}]}<\/script>\n<!-- \/ Yoast SEO plugin. -->","yoast_head_json":{"title":"Fr\u00e5gor och svar &#8211; Anza Master","description":"Anza \u00e4r en ledande leverant\u00f6r av m\u00e5leriverktyg, penslar, rollers, reng\u00f6ring och tillbeh\u00f6r. Anza hj\u00e4lper dig med dina m\u00e5leriprojekt. L\u00e4s mer h\u00e4r!","robots":{"index":"noindex","follow":"follow"},"og_locale":"sv_SE","og_type":"website","og_title":"Fr\u00e5gor och svar &#8211; Anza Master","og_description":"Anza \u00e4r en ledande leverant\u00f6r av m\u00e5leriverktyg, penslar, rollers, reng\u00f6ring och tillbeh\u00f6r. Anza hj\u00e4lper dig med dina m\u00e5leriprojekt. L\u00e4s mer h\u00e4r!","og_url":"https:\/\/www.anza.fi\/sv\/fragor-och-svar\/","og_site_name":"Anza Master","article_publisher":"https:\/\/www.facebook.com\/anzamaleriverktyg\/","article_modified_time":"2022-11-28T11:58:54+00:00","twitter_card":"summary_large_image","twitter_misc":{"Ber\u00e4knad l\u00e4stid":"1 minut"},"schema":{"@context":"https:\/\/schema.org","@graph":[{"@type":"WebPage","@id":"https:\/\/www.anza.fi\/sv\/fragor-och-svar\/","url":"https:\/\/www.anza.fi\/sv\/fragor-och-svar\/","name":"Fr\u00e5gor och svar &#8211; Anza Master","isPartOf":{"@id":"https:\/\/www.anza.fi\/sv\/#website"},"datePublished":"2018-01-05T13:29:10+00:00","dateModified":"2022-11-28T11:58:54+00:00","description":"Anza \u00e4r en ledande leverant\u00f6r av m\u00e5leriverktyg, penslar, rollers, reng\u00f6ring och tillbeh\u00f6r. Anza hj\u00e4lper dig med dina m\u00e5leriprojekt. L\u00e4s mer h\u00e4r!","breadcrumb":{"@id":"https:\/\/www.anza.fi\/sv\/fragor-och-svar\/#breadcrumb"},"inLanguage":"sv-SE","potentialAction":[{"@type":"ReadAction","target":["https:\/\/www.anza.fi\/sv\/fragor-och-svar\/"]}]},{"@type":"BreadcrumbList","@id":"https:\/\/www.anza.fi\/sv\/fragor-och-svar\/#breadcrumb","itemListElement":[{"@type":"ListItem","position":1,"name":"Home","item":"https:\/\/www.anza.fi\/sv\/"},{"@type":"ListItem","position":2,"name":"Fr\u00e5gor och svar"}]},{"@type":"WebSite","@id":"https:\/\/www.anza.fi\/sv\/#website","url":"https:\/\/www.anza.fi\/sv\/","name":"Anza M\u00e5leriverktyg","description":"Brushes, rollers and tools that make painting easier","publisher":{"@id":"https:\/\/www.anza.fi\/sv\/#organization"},"potentialAction":[{"@type":"SearchAction","target":{"@type":"EntryPoint","urlTemplate":"https:\/\/www.anza.fi\/sv\/?s={search_term_string}"},"query-input":{"@type":"PropertyValueSpecification","valueRequired":true,"valueName":"search_term_string"}}],"inLanguage":"sv-SE"},{"@type":"Organization","@id":"https:\/\/www.anza.fi\/sv\/#organization","name":"Anza M\u00e5leriverktyg","url":"https:\/\/www.anza.fi\/sv\/","logo":{"@type":"ImageObject","inLanguage":"sv-SE","@id":"https:\/\/www.anza.fi\/sv\/#\/schema\/logo\/image\/","url":"https:\/\/www.anza.fi\/app\/uploads\/sites\/21\/2021\/11\/ANZA_logo_2021_black_payoff.png","contentUrl":"https:\/\/www.anza.fi\/app\/uploads\/sites\/21\/2021\/11\/ANZA_logo_2021_black_payoff.png","width":1582,"height":406,"caption":"Anza M\u00e5leriverktyg"},"image":{"@id":"https:\/\/www.anza.fi\/sv\/#\/schema\/logo\/image\/"},"sameAs":["https:\/\/www.facebook.com\/anzamaleriverktyg\/","https:\/\/www.instagram.com\/anza_maleriverktyg\/","https:\/\/www.linkedin.com\/company\/72567641\/","https:\/\/www.youtube.com\/channel\/UCRly6WXZuX-7p72l_6FeiCg"]}]}},"_links":{"self":[{"href":"https:\/\/www.anza.fi\/sv\/wp-json\/wp\/v2\/pages\/11392","targetHints":{"allow":["GET"]}}],"collection":[{"href":"https:\/\/www.anza.fi\/sv\/wp-json\/wp\/v2\/pages"}],"about":[{"href":"https:\/\/www.anza.fi\/sv\/wp-json\/wp\/v2\/types\/page"}],"author":[{"embeddable":true,"href":"https:\/\/www.anza.fi\/sv\/wp-json\/wp\/v2\/users\/1"}],"replies":[{"embeddable":true,"href":"https:\/\/www.anza.fi\/sv\/wp-json\/wp\/v2\/comments?post=11392"}],"version-history":[{"count":2,"href":"https:\/\/www.anza.fi\/sv\/wp-json\/wp\/v2\/pages\/11392\/revisions"}],"predecessor-version":[{"id":12789,"href":"https:\/\/www.anza.fi\/sv\/wp-json\/wp\/v2\/pages\/11392\/revisions\/12789"}],"wp:attachment":[{"href":"https:\/\/www.anza.fi\/sv\/wp-json\/wp\/v2\/media?parent=11392"}],"curies":[{"name":"wp","href":"https:\/\/api.w.org\/{rel}","templated":true}]}}