{"id":11395,"date":"2017-11-14T04:33:14","date_gmt":"2017-11-14T03:33:14","guid":{"rendered":"https:\/\/www.anza.fi\/wp\/produkter\/"},"modified":"2024-06-21T15:37:15","modified_gmt":"2024-06-21T12:37:15","slug":"produkter","status":"publish","type":"page","link":"https:\/\/www.anza.fi\/sv\/produkter\/","title":{"rendered":"Produkter"},"content":{"rendered":"\n<p>H\u00e4r har vi samlat alla v\u00e5ra m\u00e5leriverktyg. Klicka p\u00e5 produktkategorierna eller v\u00e4lj ett m\u00e5leriprojekt f\u00f6r att hitta det du s\u00f6ker. <\/p>\n\n\n\n<p>Letar du efter v\u00e5rt sortiment f\u00f6r yrkesm\u00e5lare? Du hittar det <a href=\"https:\/\/anzapro.fi\/sv\/produkter\/\" target=\"_blank\" rel=\"noreferrer noopener\">h\u00e4r<\/a>.<\/p>\n","protected":false},"excerpt":{"rendered":"<p>H\u00e4r har vi samlat alla v\u00e5ra m\u00e5leriverktyg. Klicka p\u00e5 produktkategorierna eller v\u00e4lj ett m\u00e5leriprojekt f\u00f6r att hitta det du s\u00f6ker. Letar du efter v\u00e5rt sortiment f\u00f6r yrkesm\u00e5lare? Du hittar det h\u00e4r.<\/p>\n","protected":false},"author":1,"featured_media":0,"parent":0,"menu_order":0,"comment_status":"closed","ping_status":"closed","template":"Product.php","meta":{"_acf_changed":false,"_relevanssi_hide_post":"","_relevanssi_hide_content":"","_relevanssi_pin_for_all":"","_relevanssi_pin_keywords":"","_relevanssi_unpin_keywords":"","_relevanssi_related_keywords":"","_relevanssi_related_include_ids":"","_relevanssi_related_exclude_ids":"","_relevanssi_related_no_append":"","_relevanssi_related_not_related":"","_relevanssi_related_posts":"","_relevanssi_noindex_reason":"","inline_featured_image":false,"footnotes":""},"class_list":["post-11395","page","type-page","status-publish","hentry"],"acf":[],"yoast_head":"<!-- This site is optimized with the Yoast SEO plugin v27.4 - https:\/\/yoast.com\/product\/yoast-seo-wordpress\/ -->\n<title>Produkter &#8211; Anza Master<\/title>\n<meta name=\"description\" content=\"Anza \u00e4r en ledande leverant\u00f6r av m\u00e5leriverktyg, penslar, rollers, reng\u00f6ring och tillbeh\u00f6r. Anza hj\u00e4lper dig med dina m\u00e5leriprojekt. L\u00e4s mer h\u00e4r!\" \/>\n<meta name=\"robots\" content=\"noindex, follow, max-snippet:-1, max-image-preview:large, max-video-preview:-1\" \/>\n<meta property=\"og:locale\" content=\"sv_SE\" \/>\n<meta property=\"og:type\" content=\"website\" \/>\n<meta property=\"og:title\" content=\"Produkter &#8211; Anza Master\" \/>\n<meta property=\"og:description\" content=\"Anza \u00e4r en ledande leverant\u00f6r av m\u00e5leriverktyg, penslar, rollers, reng\u00f6ring och tillbeh\u00f6r. Anza hj\u00e4lper dig med dina m\u00e5leriprojekt. L\u00e4s mer h\u00e4r!\" \/>\n<meta property=\"og:url\" content=\"https:\/\/www.anza.fi\/sv\/produkter\/\" \/>\n<meta property=\"og:site_name\" content=\"Anza Master\" \/>\n<meta property=\"article:publisher\" content=\"https:\/\/www.facebook.com\/anzamaleriverktyg\/\" \/>\n<meta property=\"article:modified_time\" content=\"2024-06-21T12:37:15+00:00\" \/>\n<meta name=\"twitter:card\" content=\"summary_large_image\" \/>\n<meta name=\"twitter:label1\" content=\"Ber\u00e4knad l\u00e4stid\" \/>\n\t<meta name=\"twitter:data1\" content=\"1 minut\" \/>\n<script type=\"application\/ld+json\" class=\"yoast-schema-graph\">{\"@context\":\"https:\\\/\\\/schema.org\",\"@graph\":[{\"@type\":\"WebPage\",\"@id\":\"https:\\\/\\\/www.anza.fi\\\/sv\\\/produkter\\\/\",\"url\":\"https:\\\/\\\/www.anza.fi\\\/sv\\\/produkter\\\/\",\"name\":\"Produkter &#8211; Anza Master\",\"isPartOf\":{\"@id\":\"https:\\\/\\\/www.anza.fi\\\/sv\\\/#website\"},\"datePublished\":\"2017-11-14T03:33:14+00:00\",\"dateModified\":\"2024-06-21T12:37:15+00:00\",\"description\":\"Anza \u00e4r en ledande leverant\u00f6r av m\u00e5leriverktyg, penslar, rollers, reng\u00f6ring och tillbeh\u00f6r. Anza hj\u00e4lper dig med dina m\u00e5leriprojekt. L\u00e4s mer h\u00e4r!\",\"breadcrumb\":{\"@id\":\"https:\\\/\\\/www.anza.fi\\\/sv\\\/produkter\\\/#breadcrumb\"},\"inLanguage\":\"sv-SE\",\"potentialAction\":[{\"@type\":\"ReadAction\",\"target\":[\"https:\\\/\\\/www.anza.fi\\\/sv\\\/produkter\\\/\"]}]},{\"@type\":\"BreadcrumbList\",\"@id\":\"https:\\\/\\\/www.anza.fi\\\/sv\\\/produkter\\\/#breadcrumb\",\"itemListElement\":[{\"@type\":\"ListItem\",\"position\":1,\"name\":\"Home\",\"item\":\"https:\\\/\\\/www.anza.fi\\\/sv\\\/\"},{\"@type\":\"ListItem\",\"position\":2,\"name\":\"Produkter\"}]},{\"@type\":\"WebSite\",\"@id\":\"https:\\\/\\\/www.anza.fi\\\/sv\\\/#website\",\"url\":\"https:\\\/\\\/www.anza.fi\\\/sv\\\/\",\"name\":\"Anza M\u00e5leriverktyg\",\"description\":\"Brushes, rollers and tools that make painting easier\",\"publisher\":{\"@id\":\"https:\\\/\\\/www.anza.fi\\\/sv\\\/#organization\"},\"potentialAction\":[{\"@type\":\"SearchAction\",\"target\":{\"@type\":\"EntryPoint\",\"urlTemplate\":\"https:\\\/\\\/www.anza.fi\\\/sv\\\/?s={search_term_string}\"},\"query-input\":{\"@type\":\"PropertyValueSpecification\",\"valueRequired\":true,\"valueName\":\"search_term_string\"}}],\"inLanguage\":\"sv-SE\"},{\"@type\":\"Organization\",\"@id\":\"https:\\\/\\\/www.anza.fi\\\/sv\\\/#organization\",\"name\":\"Anza M\u00e5leriverktyg\",\"url\":\"https:\\\/\\\/www.anza.fi\\\/sv\\\/\",\"logo\":{\"@type\":\"ImageObject\",\"inLanguage\":\"sv-SE\",\"@id\":\"https:\\\/\\\/www.anza.fi\\\/sv\\\/#\\\/schema\\\/logo\\\/image\\\/\",\"url\":\"https:\\\/\\\/www.anza.fi\\\/app\\\/uploads\\\/sites\\\/21\\\/2021\\\/11\\\/ANZA_logo_2021_black_payoff.png\",\"contentUrl\":\"https:\\\/\\\/www.anza.fi\\\/app\\\/uploads\\\/sites\\\/21\\\/2021\\\/11\\\/ANZA_logo_2021_black_payoff.png\",\"width\":1582,\"height\":406,\"caption\":\"Anza M\u00e5leriverktyg\"},\"image\":{\"@id\":\"https:\\\/\\\/www.anza.fi\\\/sv\\\/#\\\/schema\\\/logo\\\/image\\\/\"},\"sameAs\":[\"https:\\\/\\\/www.facebook.com\\\/anzamaleriverktyg\\\/\",\"https:\\\/\\\/www.instagram.com\\\/anza_maleriverktyg\\\/\",\"https:\\\/\\\/www.linkedin.com\\\/company\\\/72567641\\\/\",\"https:\\\/\\\/www.youtube.com\\\/channel\\\/UCRly6WXZuX-7p72l_6FeiCg\"]}]}<\/script>\n<!-- \/ Yoast SEO plugin. -->","yoast_head_json":{"title":"Produkter &#8211; Anza Master","description":"Anza \u00e4r en ledande leverant\u00f6r av m\u00e5leriverktyg, penslar, rollers, reng\u00f6ring och tillbeh\u00f6r. Anza hj\u00e4lper dig med dina m\u00e5leriprojekt. L\u00e4s mer h\u00e4r!","robots":{"index":"noindex","follow":"follow","max-snippet":"max-snippet:-1","max-image-preview":"max-image-preview:large","max-video-preview":"max-video-preview:-1"},"og_locale":"sv_SE","og_type":"website","og_title":"Produkter &#8211; Anza Master","og_description":"Anza \u00e4r en ledande leverant\u00f6r av m\u00e5leriverktyg, penslar, rollers, reng\u00f6ring och tillbeh\u00f6r. Anza hj\u00e4lper dig med dina m\u00e5leriprojekt. L\u00e4s mer h\u00e4r!","og_url":"https:\/\/www.anza.fi\/sv\/produkter\/","og_site_name":"Anza Master","article_publisher":"https:\/\/www.facebook.com\/anzamaleriverktyg\/","article_modified_time":"2024-06-21T12:37:15+00:00","twitter_card":"summary_large_image","twitter_misc":{"Ber\u00e4knad l\u00e4stid":"1 minut"},"schema":{"@context":"https:\/\/schema.org","@graph":[{"@type":"WebPage","@id":"https:\/\/www.anza.fi\/sv\/produkter\/","url":"https:\/\/www.anza.fi\/sv\/produkter\/","name":"Produkter &#8211; Anza Master","isPartOf":{"@id":"https:\/\/www.anza.fi\/sv\/#website"},"datePublished":"2017-11-14T03:33:14+00:00","dateModified":"2024-06-21T12:37:15+00:00","description":"Anza \u00e4r en ledande leverant\u00f6r av m\u00e5leriverktyg, penslar, rollers, reng\u00f6ring och tillbeh\u00f6r. Anza hj\u00e4lper dig med dina m\u00e5leriprojekt. L\u00e4s mer h\u00e4r!","breadcrumb":{"@id":"https:\/\/www.anza.fi\/sv\/produkter\/#breadcrumb"},"inLanguage":"sv-SE","potentialAction":[{"@type":"ReadAction","target":["https:\/\/www.anza.fi\/sv\/produkter\/"]}]},{"@type":"BreadcrumbList","@id":"https:\/\/www.anza.fi\/sv\/produkter\/#breadcrumb","itemListElement":[{"@type":"ListItem","position":1,"name":"Home","item":"https:\/\/www.anza.fi\/sv\/"},{"@type":"ListItem","position":2,"name":"Produkter"}]},{"@type":"WebSite","@id":"https:\/\/www.anza.fi\/sv\/#website","url":"https:\/\/www.anza.fi\/sv\/","name":"Anza M\u00e5leriverktyg","description":"Brushes, rollers and tools that make painting easier","publisher":{"@id":"https:\/\/www.anza.fi\/sv\/#organization"},"potentialAction":[{"@type":"SearchAction","target":{"@type":"EntryPoint","urlTemplate":"https:\/\/www.anza.fi\/sv\/?s={search_term_string}"},"query-input":{"@type":"PropertyValueSpecification","valueRequired":true,"valueName":"search_term_string"}}],"inLanguage":"sv-SE"},{"@type":"Organization","@id":"https:\/\/www.anza.fi\/sv\/#organization","name":"Anza M\u00e5leriverktyg","url":"https:\/\/www.anza.fi\/sv\/","logo":{"@type":"ImageObject","inLanguage":"sv-SE","@id":"https:\/\/www.anza.fi\/sv\/#\/schema\/logo\/image\/","url":"https:\/\/www.anza.fi\/app\/uploads\/sites\/21\/2021\/11\/ANZA_logo_2021_black_payoff.png","contentUrl":"https:\/\/www.anza.fi\/app\/uploads\/sites\/21\/2021\/11\/ANZA_logo_2021_black_payoff.png","width":1582,"height":406,"caption":"Anza M\u00e5leriverktyg"},"image":{"@id":"https:\/\/www.anza.fi\/sv\/#\/schema\/logo\/image\/"},"sameAs":["https:\/\/www.facebook.com\/anzamaleriverktyg\/","https:\/\/www.instagram.com\/anza_maleriverktyg\/","https:\/\/www.linkedin.com\/company\/72567641\/","https:\/\/www.youtube.com\/channel\/UCRly6WXZuX-7p72l_6FeiCg"]}]}},"_links":{"self":[{"href":"https:\/\/www.anza.fi\/sv\/wp-json\/wp\/v2\/pages\/11395","targetHints":{"allow":["GET"]}}],"collection":[{"href":"https:\/\/www.anza.fi\/sv\/wp-json\/wp\/v2\/pages"}],"about":[{"href":"https:\/\/www.anza.fi\/sv\/wp-json\/wp\/v2\/types\/page"}],"author":[{"embeddable":true,"href":"https:\/\/www.anza.fi\/sv\/wp-json\/wp\/v2\/users\/1"}],"replies":[{"embeddable":true,"href":"https:\/\/www.anza.fi\/sv\/wp-json\/wp\/v2\/comments?post=11395"}],"version-history":[{"count":2,"href":"https:\/\/www.anza.fi\/sv\/wp-json\/wp\/v2\/pages\/11395\/revisions"}],"predecessor-version":[{"id":14304,"href":"https:\/\/www.anza.fi\/sv\/wp-json\/wp\/v2\/pages\/11395\/revisions\/14304"}],"wp:attachment":[{"href":"https:\/\/www.anza.fi\/sv\/wp-json\/wp\/v2\/media?parent=11395"}],"curies":[{"name":"wp","href":"https:\/\/api.w.org\/{rel}","templated":true}]}}