{"id":11409,"date":"2022-02-16T20:39:07","date_gmt":"2022-02-16T19:39:07","guid":{"rendered":"https:\/\/www.anza.fi\/wp\/om-oss\/orkla-house-care\/"},"modified":"2022-11-24T09:44:22","modified_gmt":"2022-11-24T08:44:22","slug":"orkla-house-care","status":"publish","type":"page","link":"https:\/\/www.anza.fi\/sv\/om-oss\/orkla-house-care\/","title":{"rendered":"Orkla House Care"},"content":{"rendered":"\n<div class=\"wp-block-group\"><div class=\"wp-block-group__inner-container is-layout-flow wp-block-group-is-layout-flow\">\n<p>Orkla House Care i Sverige s\u00e4ljer och marknadsf\u00f6r de egna varum\u00e4rkena Anza och Anza Pro, samt flera andra ledande varum\u00e4rken inom m\u00e5leri och arbetsplatss\u00e4kerhet. Det g\u00f6r Orkla House Care till en stark och m\u00e5ngsidig samarbetspartner. Om du vill veta mer om Orkla House Care, se <a href=\"https:\/\/www.orklahousecare.com\/\">h\u00e4r<\/a>.<\/p>\n<\/div><\/div>\n\n\n\n<div class=\"wp-block-media-text alignwide has-media-on-the-right is-stacked-on-mobile\"><div class=\"wp-block-media-text__content\">\n<h2 class=\"wp-block-heading\" id=\"anza\">Anza<\/h2>\n\n\n\n<p>Anza erbjuder allt som hemmafixarna beh\u00f6ver. Det vill s\u00e4ga, riktigt bra m\u00e5leriverktyg och konkreta tips och r\u00e5d som g\u00f6r det l\u00e4ttare att lyckas med varje steg i ett m\u00e5leriprojekt \u2013 hela v\u00e4gen fr\u00e5n f\u00f6rarbete till slutresultat.<\/p>\n<\/div><figure class=\"wp-block-media-text__media\"><img loading=\"lazy\" decoding=\"async\" width=\"1024\" height=\"768\" src=\"https:\/\/www.anza.fi\/wp\/uploads\/sites\/22\/2022\/02\/ohc_anza-1024x768.jpg\" alt=\"ANZA - G\u00f6r det sj\u00e4lv, men inte ensam\" class=\"wp-image-10714 size-full\" srcset=\"https:\/\/www.anza.fi\/app\/uploads\/sites\/22\/2022\/02\/ohc_anza-1024x768.jpg 1024w, https:\/\/www.anza.fi\/app\/uploads\/sites\/22\/2022\/02\/ohc_anza-300x225.jpg 300w, https:\/\/www.anza.fi\/app\/uploads\/sites\/22\/2022\/02\/ohc_anza-768x576.jpg 768w, https:\/\/www.anza.fi\/app\/uploads\/sites\/22\/2022\/02\/ohc_anza-352x264.jpg 352w, https:\/\/www.anza.fi\/app\/uploads\/sites\/22\/2022\/02\/ohc_anza-400x300.jpg 400w, https:\/\/www.anza.fi\/app\/uploads\/sites\/22\/2022\/02\/ohc_anza.jpg 1240w\" sizes=\"auto, (max-width: 1024px) 100vw, 1024px\" \/><\/figure><\/div>\n\n\n\n\n\n<div class=\"wp-block-media-text alignwide is-stacked-on-mobile\"><figure class=\"wp-block-media-text__media\"><img loading=\"lazy\" decoding=\"async\" width=\"1024\" height=\"684\" src=\"https:\/\/www.anza.fi\/wp\/uploads\/sites\/22\/2022\/02\/ohc_anzapro-1024x684.jpg\" alt=\"ANZA PRO - We know what it takes\" class=\"wp-image-10710 size-full\" srcset=\"https:\/\/www.anza.fi\/app\/uploads\/sites\/22\/2022\/02\/ohc_anzapro-1024x684.jpg 1024w, https:\/\/www.anza.fi\/app\/uploads\/sites\/22\/2022\/02\/ohc_anzapro-300x200.jpg 300w, https:\/\/www.anza.fi\/app\/uploads\/sites\/22\/2022\/02\/ohc_anzapro-768x513.jpg 768w, https:\/\/www.anza.fi\/app\/uploads\/sites\/22\/2022\/02\/ohc_anzapro-400x267.jpg 400w, https:\/\/www.anza.fi\/app\/uploads\/sites\/22\/2022\/02\/ohc_anzapro-395x264.jpg 395w, https:\/\/www.anza.fi\/app\/uploads\/sites\/22\/2022\/02\/ohc_anzapro.jpg 1240w\" sizes=\"auto, (max-width: 1024px) 100vw, 1024px\" \/><\/figure><div class=\"wp-block-media-text__content\">\n<h2 class=\"wp-block-heading\" id=\"anza-pro\">Anza Pro<\/h2>\n\n\n\n<p>Anza Pro \u00e4r Anzas specialsortiment f\u00f6r yrkesm\u00e5lare. H\u00e4r finns de mest avancerade m\u00e5leriverktygen och tillbeh\u00f6ren; samtliga noggrant utvecklade och testade f\u00f6r att ge b\u00e4ttre resultat, h\u00f6gre effektivitet och mer avlastning under tuffa arbetsdagar.<\/p>\n<\/div><\/div>\n\n\n\n<div class=\"wp-block-media-text alignwide has-media-on-the-right is-stacked-on-mobile\"><div class=\"wp-block-media-text__content\">\n<h2 class=\"wp-block-heading\" id=\"wagner\">Wagner<\/h2>\n\n\n\n<p>Sprutm\u00e5lning blir allt vanligare, b\u00e5de bland proffs och hemmafixare. F\u00f6rdelarna \u00e4r m\u00e5nga: snabb och smidig hantering, h\u00f6g t\u00e4ckning och perfekt resultat. Wagner tillverkar de ledande systemen och ligger bakom en rad banbrytande innovationer som underl\u00e4ttar arbetet.<\/p>\n<\/div><figure class=\"wp-block-media-text__media\"><img loading=\"lazy\" decoding=\"async\" width=\"1024\" height=\"768\" src=\"https:\/\/www.anza.fi\/wp\/uploads\/sites\/22\/2022\/02\/ohc_wagner-1024x768.jpg\" alt=\"Wagner\" class=\"wp-image-10716 size-full\" srcset=\"https:\/\/www.anza.fi\/app\/uploads\/sites\/22\/2022\/02\/ohc_wagner-1024x768.jpg 1024w, https:\/\/www.anza.fi\/app\/uploads\/sites\/22\/2022\/02\/ohc_wagner-300x225.jpg 300w, https:\/\/www.anza.fi\/app\/uploads\/sites\/22\/2022\/02\/ohc_wagner-768x576.jpg 768w, https:\/\/www.anza.fi\/app\/uploads\/sites\/22\/2022\/02\/ohc_wagner-352x264.jpg 352w, https:\/\/www.anza.fi\/app\/uploads\/sites\/22\/2022\/02\/ohc_wagner-400x300.jpg 400w, https:\/\/www.anza.fi\/app\/uploads\/sites\/22\/2022\/02\/ohc_wagner.jpg 1240w\" sizes=\"auto, (max-width: 1024px) 100vw, 1024px\" \/><\/figure><\/div>\n\n\n\n<div class=\"wp-block-media-text alignwide is-stacked-on-mobile\"><figure class=\"wp-block-media-text__media\"><img loading=\"lazy\" decoding=\"async\" width=\"1024\" height=\"794\" src=\"https:\/\/www.anza.fi\/wp\/uploads\/sites\/22\/2022\/02\/ohc_mirka-1024x794.jpg\" alt=\"Mirka\" class=\"wp-image-10712 size-full\" srcset=\"https:\/\/www.anza.fi\/app\/uploads\/sites\/22\/2022\/02\/ohc_mirka-1024x794.jpg 1024w, https:\/\/www.anza.fi\/app\/uploads\/sites\/22\/2022\/02\/ohc_mirka-300x233.jpg 300w, https:\/\/www.anza.fi\/app\/uploads\/sites\/22\/2022\/02\/ohc_mirka-768x595.jpg 768w, https:\/\/www.anza.fi\/app\/uploads\/sites\/22\/2022\/02\/ohc_mirka-341x264.jpg 341w, https:\/\/www.anza.fi\/app\/uploads\/sites\/22\/2022\/02\/ohc_mirka-387x300.jpg 387w, https:\/\/www.anza.fi\/app\/uploads\/sites\/22\/2022\/02\/ohc_mirka.jpg 1240w\" sizes=\"auto, (max-width: 1024px) 100vw, 1024px\" \/><\/figure><div class=\"wp-block-media-text__content\">\n<h2 class=\"wp-block-heading\" id=\"mirka\">Mirka<\/h2>\n\n\n\n<p>Slipning \u00e4r en avg\u00f6rande del av m\u00e5nga m\u00e5leriprojekt, vilket st\u00e4ller h\u00f6ga krav p\u00e5 sliputrustning. Mirka \u00e4r ledande p\u00e5 omr\u00e5det med produkter som g\u00f6r sliparbetet snabbare, mer ergonomiskt och dammfritt, vilket skapar b\u00e4ttre resultat och en h\u00e4lsosammare arbetsmilj\u00f6.<\/p>\n<\/div><\/div>\n\n\n\n<div class=\"wp-block-group\"><div class=\"wp-block-group__inner-container is-layout-flow wp-block-group-is-layout-flow\">\n<h3 class=\"wp-block-heading\" id=\"skydd-for-en-sakrare-arbetsdag\">Skydd f\u00f6r en s\u00e4krare arbetsdag<\/h3>\n\n\n\n<p>M\u00e5leri sliter p\u00e5 h\u00e4nder, \u00f6ron och lungor, inte minst om man \u00e4r yrkesm\u00e5lare. I samarbete med Moldex och Skydda erbjuder Orkla House Care h\u00f6gkvalitativa och anv\u00e4ndarv\u00e4nliga handskar, h\u00f6rselskydd och andningsskydd som bidrar till att g\u00f6ra arbetsdagen s\u00e4krare. Moldex \u00e4r ledande inom andnings- och h\u00f6rselskydd medan Skydda erbjuder ett brett sortiment av skyddsutrustning fr\u00e5n ledande leverant\u00f6rer.<\/p>\n<\/div><\/div>\n","protected":false},"excerpt":{"rendered":"<p>En komplett verktygsl\u00e5da f\u00f6r m\u00e5lare<\/p>\n","protected":false},"author":4,"featured_media":10686,"parent":11386,"menu_order":0,"comment_status":"closed","ping_status":"closed","template":"About.php","meta":{"_acf_changed":false,"_relevanssi_hide_post":"","_relevanssi_hide_content":"","_relevanssi_pin_for_all":"","_relevanssi_pin_keywords":"","_relevanssi_unpin_keywords":"","_relevanssi_related_keywords":"","_relevanssi_related_include_ids":"","_relevanssi_related_exclude_ids":"","_relevanssi_related_no_append":"","_relevanssi_related_not_related":"","_relevanssi_related_posts":"","_relevanssi_noindex_reason":"","inline_featured_image":false,"footnotes":""},"class_list":["post-11409","page","type-page","status-publish","has-post-thumbnail","hentry"],"acf":[],"yoast_head":"<!-- This site is optimized with the Yoast SEO plugin v27.4 - https:\/\/yoast.com\/product\/yoast-seo-wordpress\/ -->\n<title>Orkla House Care &#8211; Anza Master<\/title>\n<meta name=\"description\" content=\"Anza \u00e4r en ledande leverant\u00f6r av m\u00e5leriverktyg, penslar, rollers, reng\u00f6ring och tillbeh\u00f6r. Anza hj\u00e4lper dig med dina m\u00e5leriprojekt. L\u00e4s mer h\u00e4r!\" \/>\n<meta name=\"robots\" content=\"noindex, follow, max-snippet:-1, max-image-preview:large, max-video-preview:-1\" \/>\n<meta property=\"og:locale\" content=\"sv_SE\" \/>\n<meta property=\"og:type\" content=\"website\" \/>\n<meta property=\"og:title\" content=\"Orkla House Care &#8211; Anza Master\" \/>\n<meta property=\"og:description\" content=\"Anza \u00e4r en ledande leverant\u00f6r av m\u00e5leriverktyg, penslar, rollers, reng\u00f6ring och tillbeh\u00f6r. Anza hj\u00e4lper dig med dina m\u00e5leriprojekt. L\u00e4s mer h\u00e4r!\" \/>\n<meta property=\"og:url\" content=\"https:\/\/www.anza.fi\/sv\/om-oss\/orkla-house-care\/\" \/>\n<meta property=\"og:site_name\" content=\"Anza Master\" \/>\n<meta property=\"article:publisher\" content=\"https:\/\/www.facebook.com\/anzamaleriverktyg\/\" \/>\n<meta property=\"article:modified_time\" content=\"2022-11-24T08:44:22+00:00\" \/>\n<meta property=\"og:image\" content=\"https:\/\/www.anza.fi\/app\/uploads\/sites\/22\/2022\/02\/painters.jpg\" \/>\n\t<meta property=\"og:image:width\" content=\"1600\" \/>\n\t<meta property=\"og:image:height\" content=\"1334\" \/>\n\t<meta property=\"og:image:type\" content=\"image\/jpeg\" \/>\n<meta name=\"twitter:card\" content=\"summary_large_image\" \/>\n<meta name=\"twitter:label1\" content=\"Ber\u00e4knad l\u00e4stid\" \/>\n\t<meta name=\"twitter:data1\" content=\"3 minuter\" \/>\n<script type=\"application\/ld+json\" class=\"yoast-schema-graph\">{\"@context\":\"https:\\\/\\\/schema.org\",\"@graph\":[{\"@type\":\"WebPage\",\"@id\":\"https:\\\/\\\/www.anza.fi\\\/sv\\\/om-oss\\\/orkla-house-care\\\/\",\"url\":\"https:\\\/\\\/www.anza.fi\\\/sv\\\/om-oss\\\/orkla-house-care\\\/\",\"name\":\"Orkla House Care &#8211; Anza Master\",\"isPartOf\":{\"@id\":\"https:\\\/\\\/www.anza.fi\\\/sv\\\/#website\"},\"primaryImageOfPage\":{\"@id\":\"https:\\\/\\\/www.anza.fi\\\/sv\\\/om-oss\\\/orkla-house-care\\\/#primaryimage\"},\"image\":{\"@id\":\"https:\\\/\\\/www.anza.fi\\\/sv\\\/om-oss\\\/orkla-house-care\\\/#primaryimage\"},\"thumbnailUrl\":\"https:\\\/\\\/www.anza.fi\\\/app\\\/uploads\\\/sites\\\/22\\\/2022\\\/02\\\/painters.jpg\",\"datePublished\":\"2022-02-16T19:39:07+00:00\",\"dateModified\":\"2022-11-24T08:44:22+00:00\",\"description\":\"Anza \u00e4r en ledande leverant\u00f6r av m\u00e5leriverktyg, penslar, rollers, reng\u00f6ring och tillbeh\u00f6r. Anza hj\u00e4lper dig med dina m\u00e5leriprojekt. L\u00e4s mer h\u00e4r!\",\"breadcrumb\":{\"@id\":\"https:\\\/\\\/www.anza.fi\\\/sv\\\/om-oss\\\/orkla-house-care\\\/#breadcrumb\"},\"inLanguage\":\"sv-SE\",\"potentialAction\":[{\"@type\":\"ReadAction\",\"target\":[\"https:\\\/\\\/www.anza.fi\\\/sv\\\/om-oss\\\/orkla-house-care\\\/\"]}]},{\"@type\":\"ImageObject\",\"inLanguage\":\"sv-SE\",\"@id\":\"https:\\\/\\\/www.anza.fi\\\/sv\\\/om-oss\\\/orkla-house-care\\\/#primaryimage\",\"url\":\"https:\\\/\\\/www.anza.fi\\\/app\\\/uploads\\\/sites\\\/22\\\/2022\\\/02\\\/painters.jpg\",\"contentUrl\":\"https:\\\/\\\/www.anza.fi\\\/app\\\/uploads\\\/sites\\\/22\\\/2022\\\/02\\\/painters.jpg\",\"width\":1600,\"height\":1334,\"caption\":\"M\u00e5lare\"},{\"@type\":\"BreadcrumbList\",\"@id\":\"https:\\\/\\\/www.anza.fi\\\/sv\\\/om-oss\\\/orkla-house-care\\\/#breadcrumb\",\"itemListElement\":[{\"@type\":\"ListItem\",\"position\":1,\"name\":\"Home\",\"item\":\"https:\\\/\\\/www.anza.fi\\\/sv\\\/\"},{\"@type\":\"ListItem\",\"position\":2,\"name\":\"Om oss\",\"item\":\"https:\\\/\\\/www.anza.fi\\\/sv\\\/om-oss\\\/\"},{\"@type\":\"ListItem\",\"position\":3,\"name\":\"Orkla House Care\"}]},{\"@type\":\"WebSite\",\"@id\":\"https:\\\/\\\/www.anza.fi\\\/sv\\\/#website\",\"url\":\"https:\\\/\\\/www.anza.fi\\\/sv\\\/\",\"name\":\"Anza M\u00e5leriverktyg\",\"description\":\"Brushes, rollers and tools that make painting easier\",\"publisher\":{\"@id\":\"https:\\\/\\\/www.anza.fi\\\/sv\\\/#organization\"},\"potentialAction\":[{\"@type\":\"SearchAction\",\"target\":{\"@type\":\"EntryPoint\",\"urlTemplate\":\"https:\\\/\\\/www.anza.fi\\\/sv\\\/?s={search_term_string}\"},\"query-input\":{\"@type\":\"PropertyValueSpecification\",\"valueRequired\":true,\"valueName\":\"search_term_string\"}}],\"inLanguage\":\"sv-SE\"},{\"@type\":\"Organization\",\"@id\":\"https:\\\/\\\/www.anza.fi\\\/sv\\\/#organization\",\"name\":\"Anza M\u00e5leriverktyg\",\"url\":\"https:\\\/\\\/www.anza.fi\\\/sv\\\/\",\"logo\":{\"@type\":\"ImageObject\",\"inLanguage\":\"sv-SE\",\"@id\":\"https:\\\/\\\/www.anza.fi\\\/sv\\\/#\\\/schema\\\/logo\\\/image\\\/\",\"url\":\"https:\\\/\\\/www.anza.fi\\\/app\\\/uploads\\\/sites\\\/21\\\/2021\\\/11\\\/ANZA_logo_2021_black_payoff.png\",\"contentUrl\":\"https:\\\/\\\/www.anza.fi\\\/app\\\/uploads\\\/sites\\\/21\\\/2021\\\/11\\\/ANZA_logo_2021_black_payoff.png\",\"width\":1582,\"height\":406,\"caption\":\"Anza M\u00e5leriverktyg\"},\"image\":{\"@id\":\"https:\\\/\\\/www.anza.fi\\\/sv\\\/#\\\/schema\\\/logo\\\/image\\\/\"},\"sameAs\":[\"https:\\\/\\\/www.facebook.com\\\/anzamaleriverktyg\\\/\",\"https:\\\/\\\/www.instagram.com\\\/anza_maleriverktyg\\\/\",\"https:\\\/\\\/www.linkedin.com\\\/company\\\/72567641\\\/\",\"https:\\\/\\\/www.youtube.com\\\/channel\\\/UCRly6WXZuX-7p72l_6FeiCg\"]}]}<\/script>\n<!-- \/ Yoast SEO plugin. -->","yoast_head_json":{"title":"Orkla House Care &#8211; Anza Master","description":"Anza \u00e4r en ledande leverant\u00f6r av m\u00e5leriverktyg, penslar, rollers, reng\u00f6ring och tillbeh\u00f6r. Anza hj\u00e4lper dig med dina m\u00e5leriprojekt. L\u00e4s mer h\u00e4r!","robots":{"index":"noindex","follow":"follow","max-snippet":"max-snippet:-1","max-image-preview":"max-image-preview:large","max-video-preview":"max-video-preview:-1"},"og_locale":"sv_SE","og_type":"website","og_title":"Orkla House Care &#8211; Anza Master","og_description":"Anza \u00e4r en ledande leverant\u00f6r av m\u00e5leriverktyg, penslar, rollers, reng\u00f6ring och tillbeh\u00f6r. Anza hj\u00e4lper dig med dina m\u00e5leriprojekt. L\u00e4s mer h\u00e4r!","og_url":"https:\/\/www.anza.fi\/sv\/om-oss\/orkla-house-care\/","og_site_name":"Anza Master","article_publisher":"https:\/\/www.facebook.com\/anzamaleriverktyg\/","article_modified_time":"2022-11-24T08:44:22+00:00","og_image":[{"width":1600,"height":1334,"url":"https:\/\/www.anza.fi\/app\/uploads\/sites\/22\/2022\/02\/painters.jpg","type":"image\/jpeg"}],"twitter_card":"summary_large_image","twitter_misc":{"Ber\u00e4knad l\u00e4stid":"3 minuter"},"schema":{"@context":"https:\/\/schema.org","@graph":[{"@type":"WebPage","@id":"https:\/\/www.anza.fi\/sv\/om-oss\/orkla-house-care\/","url":"https:\/\/www.anza.fi\/sv\/om-oss\/orkla-house-care\/","name":"Orkla House Care &#8211; Anza Master","isPartOf":{"@id":"https:\/\/www.anza.fi\/sv\/#website"},"primaryImageOfPage":{"@id":"https:\/\/www.anza.fi\/sv\/om-oss\/orkla-house-care\/#primaryimage"},"image":{"@id":"https:\/\/www.anza.fi\/sv\/om-oss\/orkla-house-care\/#primaryimage"},"thumbnailUrl":"https:\/\/www.anza.fi\/app\/uploads\/sites\/22\/2022\/02\/painters.jpg","datePublished":"2022-02-16T19:39:07+00:00","dateModified":"2022-11-24T08:44:22+00:00","description":"Anza \u00e4r en ledande leverant\u00f6r av m\u00e5leriverktyg, penslar, rollers, reng\u00f6ring och tillbeh\u00f6r. Anza hj\u00e4lper dig med dina m\u00e5leriprojekt. L\u00e4s mer h\u00e4r!","breadcrumb":{"@id":"https:\/\/www.anza.fi\/sv\/om-oss\/orkla-house-care\/#breadcrumb"},"inLanguage":"sv-SE","potentialAction":[{"@type":"ReadAction","target":["https:\/\/www.anza.fi\/sv\/om-oss\/orkla-house-care\/"]}]},{"@type":"ImageObject","inLanguage":"sv-SE","@id":"https:\/\/www.anza.fi\/sv\/om-oss\/orkla-house-care\/#primaryimage","url":"https:\/\/www.anza.fi\/app\/uploads\/sites\/22\/2022\/02\/painters.jpg","contentUrl":"https:\/\/www.anza.fi\/app\/uploads\/sites\/22\/2022\/02\/painters.jpg","width":1600,"height":1334,"caption":"M\u00e5lare"},{"@type":"BreadcrumbList","@id":"https:\/\/www.anza.fi\/sv\/om-oss\/orkla-house-care\/#breadcrumb","itemListElement":[{"@type":"ListItem","position":1,"name":"Home","item":"https:\/\/www.anza.fi\/sv\/"},{"@type":"ListItem","position":2,"name":"Om oss","item":"https:\/\/www.anza.fi\/sv\/om-oss\/"},{"@type":"ListItem","position":3,"name":"Orkla House Care"}]},{"@type":"WebSite","@id":"https:\/\/www.anza.fi\/sv\/#website","url":"https:\/\/www.anza.fi\/sv\/","name":"Anza M\u00e5leriverktyg","description":"Brushes, rollers and tools that make painting easier","publisher":{"@id":"https:\/\/www.anza.fi\/sv\/#organization"},"potentialAction":[{"@type":"SearchAction","target":{"@type":"EntryPoint","urlTemplate":"https:\/\/www.anza.fi\/sv\/?s={search_term_string}"},"query-input":{"@type":"PropertyValueSpecification","valueRequired":true,"valueName":"search_term_string"}}],"inLanguage":"sv-SE"},{"@type":"Organization","@id":"https:\/\/www.anza.fi\/sv\/#organization","name":"Anza M\u00e5leriverktyg","url":"https:\/\/www.anza.fi\/sv\/","logo":{"@type":"ImageObject","inLanguage":"sv-SE","@id":"https:\/\/www.anza.fi\/sv\/#\/schema\/logo\/image\/","url":"https:\/\/www.anza.fi\/app\/uploads\/sites\/21\/2021\/11\/ANZA_logo_2021_black_payoff.png","contentUrl":"https:\/\/www.anza.fi\/app\/uploads\/sites\/21\/2021\/11\/ANZA_logo_2021_black_payoff.png","width":1582,"height":406,"caption":"Anza M\u00e5leriverktyg"},"image":{"@id":"https:\/\/www.anza.fi\/sv\/#\/schema\/logo\/image\/"},"sameAs":["https:\/\/www.facebook.com\/anzamaleriverktyg\/","https:\/\/www.instagram.com\/anza_maleriverktyg\/","https:\/\/www.linkedin.com\/company\/72567641\/","https:\/\/www.youtube.com\/channel\/UCRly6WXZuX-7p72l_6FeiCg"]}]}},"_links":{"self":[{"href":"https:\/\/www.anza.fi\/sv\/wp-json\/wp\/v2\/pages\/11409","targetHints":{"allow":["GET"]}}],"collection":[{"href":"https:\/\/www.anza.fi\/sv\/wp-json\/wp\/v2\/pages"}],"about":[{"href":"https:\/\/www.anza.fi\/sv\/wp-json\/wp\/v2\/types\/page"}],"author":[{"embeddable":true,"href":"https:\/\/www.anza.fi\/sv\/wp-json\/wp\/v2\/users\/4"}],"replies":[{"embeddable":true,"href":"https:\/\/www.anza.fi\/sv\/wp-json\/wp\/v2\/comments?post=11409"}],"version-history":[{"count":2,"href":"https:\/\/www.anza.fi\/sv\/wp-json\/wp\/v2\/pages\/11409\/revisions"}],"predecessor-version":[{"id":12776,"href":"https:\/\/www.anza.fi\/sv\/wp-json\/wp\/v2\/pages\/11409\/revisions\/12776"}],"up":[{"embeddable":true,"href":"https:\/\/www.anza.fi\/sv\/wp-json\/wp\/v2\/pages\/11386"}],"wp:featuredmedia":[{"embeddable":true,"href":"https:\/\/www.anza.fi\/sv\/wp-json\/wp\/v2\/media\/10686"}],"wp:attachment":[{"href":"https:\/\/www.anza.fi\/sv\/wp-json\/wp\/v2\/media?parent=11409"}],"curies":[{"name":"wp","href":"https:\/\/api.w.org\/{rel}","templated":true}]}}