{"id":11411,"date":"2022-02-16T18:33:39","date_gmt":"2022-02-16T17:33:39","guid":{"rendered":"https:\/\/www.anza.fi\/wp\/om-oss\/hallbarhet\/"},"modified":"2024-06-19T13:12:53","modified_gmt":"2024-06-19T10:12:53","slug":"hallbarhet","status":"publish","type":"page","link":"https:\/\/www.anza.fi\/sv\/om-oss\/hallbarhet\/","title":{"rendered":"H\u00e5llbarhet"},"content":{"rendered":"\n<div class=\"wp-block-group\"><div class=\"wp-block-group__inner-container is-layout-flow wp-block-group-is-layout-flow\">\n<p>H\u00e5llbarhet \u00e4r ett prioriterat strategiskt omr\u00e5de f\u00f6r Anza och vi arbetar l\u00e5ngsiktigt med att utveckla f\u00f6rpackningar, produkter, produktion och f\u00f6retagskultur i en mer h\u00e5llbar riktning. Till och med 2025 har vi d\u00e4rf\u00f6r satt upp f\u00f6ljande h\u00e5llbarhetsm\u00e5l:<\/p>\n<\/div><\/div>\n\n\n\n<div class=\"wp-block-media-text alignwide has-media-on-the-right is-stacked-on-mobile is-image-fill\"><div class=\"wp-block-media-text__content\">\n<h2 class=\"wp-block-heading\" id=\"forpackningar\">F\u00f6rpackningar<\/h2>\n\n\n\n<ul class=\"wp-block-list\">\n<li>Anv\u00e4nda mindre och enbart \u00e5tervinningsbart f\u00f6rpackningsmaterial.<\/li>\n\n\n\n<li>Enbart anv\u00e4nda \u00e5tervunnen eller <a href=\"https:\/\/fsc.org\/en\">FSC<sup>\u00ae<\/sup>certifierad<\/a> (FSC-C108031) kartong samt mer \u00e5tervunnen plast.<\/li>\n<\/ul>\n<\/div><figure class=\"wp-block-media-text__media\" style=\"background-image:url(https:\/\/www.anza.fi\/app\/uploads\/sites\/22\/2022\/02\/sandpaper.jpg);background-position:50% 50%\"><img loading=\"lazy\" decoding=\"async\" width=\"914\" height=\"686\" src=\"https:\/\/www.anza.fi\/app\/uploads\/sites\/22\/2022\/02\/sandpaper.jpg\" alt=\"F\u00f6rpackning till Anza slippapper\" class=\"wp-image-10718 size-large\" srcset=\"https:\/\/www.anza.fi\/app\/uploads\/sites\/22\/2022\/02\/sandpaper.jpg 914w, https:\/\/www.anza.fi\/app\/uploads\/sites\/22\/2022\/02\/sandpaper-300x225.jpg 300w, https:\/\/www.anza.fi\/app\/uploads\/sites\/22\/2022\/02\/sandpaper-768x576.jpg 768w, https:\/\/www.anza.fi\/app\/uploads\/sites\/22\/2022\/02\/sandpaper-352x264.jpg 352w, https:\/\/www.anza.fi\/app\/uploads\/sites\/22\/2022\/02\/sandpaper-400x300.jpg 400w\" sizes=\"auto, (max-width: 914px) 100vw, 914px\" \/><\/figure><\/div>\n\n\n\n<div class=\"wp-block-media-text alignwide is-stacked-on-mobile is-image-fill\"><figure class=\"wp-block-media-text__media\" style=\"background-image:url(https:\/\/www.anza.fi\/app\/uploads\/sites\/22\/2022\/02\/ee8266fa5699d880f3be49f19594d309-scaled-1-1024x768.jpg);background-position:50% 50%\"><img loading=\"lazy\" decoding=\"async\" width=\"1024\" height=\"768\" src=\"https:\/\/www.anza.fi\/app\/uploads\/sites\/22\/2022\/02\/ee8266fa5699d880f3be49f19594d309-scaled-1-1024x768.jpg\" alt=\"Produktion - rollers\" class=\"wp-image-10692 size-large\" srcset=\"https:\/\/www.anza.fi\/app\/uploads\/sites\/22\/2022\/02\/ee8266fa5699d880f3be49f19594d309-scaled-1-1024x768.jpg 1024w, https:\/\/www.anza.fi\/app\/uploads\/sites\/22\/2022\/02\/ee8266fa5699d880f3be49f19594d309-scaled-1-300x225.jpg 300w, https:\/\/www.anza.fi\/app\/uploads\/sites\/22\/2022\/02\/ee8266fa5699d880f3be49f19594d309-scaled-1-768x576.jpg 768w, https:\/\/www.anza.fi\/app\/uploads\/sites\/22\/2022\/02\/ee8266fa5699d880f3be49f19594d309-scaled-1-1536x1152.jpg 1536w, https:\/\/www.anza.fi\/app\/uploads\/sites\/22\/2022\/02\/ee8266fa5699d880f3be49f19594d309-scaled-1-2048x1536.jpg 2048w, https:\/\/www.anza.fi\/app\/uploads\/sites\/22\/2022\/02\/ee8266fa5699d880f3be49f19594d309-scaled-1-352x264.jpg 352w, https:\/\/www.anza.fi\/app\/uploads\/sites\/22\/2022\/02\/ee8266fa5699d880f3be49f19594d309-scaled-1-400x300.jpg 400w\" sizes=\"auto, (max-width: 1024px) 100vw, 1024px\" \/><\/figure><div class=\"wp-block-media-text__content\">\n<h2 class=\"wp-block-heading\" id=\"produktion\">Produktion<\/h2>\n\n\n\n<ul class=\"wp-block-list\">\n<li>Minska CO2-utsl\u00e4pp fr\u00e5n produktionen med 40 %.<\/li>\n\n\n\n<li>S\u00e4kerst\u00e4lla att alla leverant\u00f6rer f\u00f6ljer Orkla House Cares etiska riktlinjer samt g\u00f6ra \u00e5rliga h\u00e5llbarhetsrevisioner av v\u00e5ra st\u00f6rsta leverant\u00f6rer.<\/li>\n\n\n\n<li>Minska avfallet fr\u00e5n tillverkningen.<\/li>\n<\/ul>\n<\/div><\/div>\n\n\n\n<div class=\"wp-block-media-text alignwide has-media-on-the-right is-stacked-on-mobile is-image-fill\"><div class=\"wp-block-media-text__content\">\n<h2 class=\"wp-block-heading\" id=\"produkter\">Produkter<\/h2>\n\n\n\n<ul class=\"wp-block-list\">\n<li>Vi str\u00e4var efter 0 % milj\u00f6skadliga kemikalier i produktionen.<\/li>\n\n\n\n<li>Anv\u00e4nda mer \u00e5tervunnen och \u00e5teranv\u00e4nd plast i produkterna.<\/li>\n\n\n\n<li>Informera anv\u00e4ndarna om de mest h\u00e5llbara \u00e5tervinningsmetoderna f\u00f6r v\u00e5ra produkter.<\/li>\n<\/ul>\n<\/div><figure class=\"wp-block-media-text__media\" style=\"background-image:url(https:\/\/www.anza.fi\/app\/uploads\/sites\/22\/2022\/03\/DAYFOTOGRAFI_ANZA-1240-1024x683.jpg);background-position:50% 50%\"><img loading=\"lazy\" decoding=\"async\" width=\"1024\" height=\"683\" src=\"https:\/\/www.anza.fi\/app\/uploads\/sites\/22\/2022\/03\/DAYFOTOGRAFI_ANZA-1240-1024x683.jpg\" alt=\"Lackpenslar liggandes p\u00e5 ett tr\u00e4bord\" class=\"wp-image-10736 size-large\" srcset=\"https:\/\/www.anza.fi\/app\/uploads\/sites\/22\/2022\/03\/DAYFOTOGRAFI_ANZA-1240-1024x683.jpg 1024w, https:\/\/www.anza.fi\/app\/uploads\/sites\/22\/2022\/03\/DAYFOTOGRAFI_ANZA-1240-300x200.jpg 300w, https:\/\/www.anza.fi\/app\/uploads\/sites\/22\/2022\/03\/DAYFOTOGRAFI_ANZA-1240-768x512.jpg 768w, https:\/\/www.anza.fi\/app\/uploads\/sites\/22\/2022\/03\/DAYFOTOGRAFI_ANZA-1240-400x267.jpg 400w, https:\/\/www.anza.fi\/app\/uploads\/sites\/22\/2022\/03\/DAYFOTOGRAFI_ANZA-1240-396x264.jpg 396w, https:\/\/www.anza.fi\/app\/uploads\/sites\/22\/2022\/03\/DAYFOTOGRAFI_ANZA-1240.jpg 1200w\" sizes=\"auto, (max-width: 1024px) 100vw, 1024px\" \/><\/figure><\/div>\n\n\n\n<div class=\"wp-block-media-text alignwide is-stacked-on-mobile is-image-fill\"><figure class=\"wp-block-media-text__media\" style=\"background-image:url(https:\/\/www.anza.fi\/app\/uploads\/sites\/22\/2020\/11\/c044b34014b5c3c6b2f4818b2507ec93-1-1024x576.jpg);background-position:50% 50%\"><img loading=\"lazy\" decoding=\"async\" width=\"1024\" height=\"576\" src=\"https:\/\/www.anza.fi\/app\/uploads\/sites\/22\/2020\/11\/c044b34014b5c3c6b2f4818b2507ec93-1-1024x576.jpg\" alt=\"Produksjon - medarbetare\" class=\"wp-image-10678 size-large\" srcset=\"https:\/\/www.anza.fi\/app\/uploads\/sites\/22\/2020\/11\/c044b34014b5c3c6b2f4818b2507ec93-1-1024x576.jpg 1024w, https:\/\/www.anza.fi\/app\/uploads\/sites\/22\/2020\/11\/c044b34014b5c3c6b2f4818b2507ec93-1-300x169.jpg 300w, https:\/\/www.anza.fi\/app\/uploads\/sites\/22\/2020\/11\/c044b34014b5c3c6b2f4818b2507ec93-1-768x432.jpg 768w, https:\/\/www.anza.fi\/app\/uploads\/sites\/22\/2020\/11\/c044b34014b5c3c6b2f4818b2507ec93-1-448x252.jpg 448w, https:\/\/www.anza.fi\/app\/uploads\/sites\/22\/2020\/11\/c044b34014b5c3c6b2f4818b2507ec93-1-400x225.jpg 400w, https:\/\/www.anza.fi\/app\/uploads\/sites\/22\/2020\/11\/c044b34014b5c3c6b2f4818b2507ec93-1.jpg 1280w\" sizes=\"auto, (max-width: 1024px) 100vw, 1024px\" \/><\/figure><div class=\"wp-block-media-text__content\">\n<h2 class=\"wp-block-heading\" id=\"produktion\">M\u00e4nniskor<\/h2>\n\n\n\n<ul class=\"wp-block-list\">\n<li>Ha tydliga h\u00e5llbarhetsm\u00e5l f\u00f6r alla avdelningar.<\/li>\n\n\n\n<li>Se till att alla i organisationen k\u00e4nner till v\u00e5r h\u00e5llbarhetsstrategi.<\/li>\n\n\n\n<li>S\u00e4kerhetsst\u00e4ll att alla punkter i Orkla Human Rights Assessment f\u00f6ljs.<\/li>\n<\/ul>\n<\/div><\/div>\n\n\n\n<figure class=\"wp-block-pullquote\"><blockquote><p>Ett av v\u00e5ra prioriterade projekt har g\u00e5tt ut p\u00e5 att tillsammans med forskningsinstitutet RISE hitta det mest h\u00e5llbara s\u00e4ttet f\u00f6r konsumenter att k\u00e4llsortera v\u00e5ra m\u00e5leriverktyg \u2013 en utmaning eftersom produkterna ofta \u00e4r fulla av m\u00e5larf\u00e4rg n\u00e4r de anv\u00e4nts.<\/p><cite><a href=\"\/artiklar\/mala-snickerier\/ta-hand-om-och-rengor-din-pensel\/\">L\u00e4s mer om hur du kan ta hand om din pensel p\u00e5 ett h\u00e5llbart s\u00e4tt efter anv\u00e4ndning<\/a><\/cite><\/blockquote><\/figure>\n\n\n\n<figure class=\"wp-block-embed is-type-video is-provider-vimeo wp-block-embed-vimeo wp-embed-aspect-16-9 wp-has-aspect-ratio\"><div class=\"wp-block-embed__wrapper\">\n<iframe loading=\"lazy\" title=\"Orkla House Care - H\u00e5llbarhetsstrategi\" src=\"https:\/\/player.vimeo.com\/video\/690404794?dnt=1&amp;app_id=122963\" width=\"500\" height=\"281\" frameborder=\"0\" allow=\"autoplay; fullscreen; picture-in-picture; clipboard-write\"><\/iframe>\n<\/div><\/figure>\n","protected":false},"excerpt":{"rendered":"<p>H\u00e5llbarhet f\u00f6r framtiden<\/p>\n","protected":false},"author":4,"featured_media":10706,"parent":11386,"menu_order":0,"comment_status":"closed","ping_status":"closed","template":"About.php","meta":{"_acf_changed":false,"_relevanssi_hide_post":"","_relevanssi_hide_content":"","_relevanssi_pin_for_all":"","_relevanssi_pin_keywords":"","_relevanssi_unpin_keywords":"","_relevanssi_related_keywords":"","_relevanssi_related_include_ids":"","_relevanssi_related_exclude_ids":"","_relevanssi_related_no_append":"","_relevanssi_related_not_related":"","_relevanssi_related_posts":"","_relevanssi_noindex_reason":"","inline_featured_image":false,"footnotes":""},"class_list":["post-11411","page","type-page","status-publish","has-post-thumbnail","hentry"],"acf":[],"yoast_head":"<!-- This site is optimized with the Yoast SEO plugin v27.4 - https:\/\/yoast.com\/product\/yoast-seo-wordpress\/ -->\n<title>H\u00e5llbarhet &#8211; Anza Master<\/title>\n<meta name=\"description\" content=\"Anza \u00e4r en ledande leverant\u00f6r av m\u00e5leriverktyg, penslar, rollers, reng\u00f6ring och tillbeh\u00f6r. Anza hj\u00e4lper dig med dina m\u00e5leriprojekt. L\u00e4s mer h\u00e4r!\" \/>\n<meta name=\"robots\" content=\"noindex, follow, max-snippet:-1, max-image-preview:large, max-video-preview:-1\" \/>\n<meta property=\"og:locale\" content=\"sv_SE\" \/>\n<meta property=\"og:type\" content=\"website\" \/>\n<meta property=\"og:title\" content=\"H\u00e5llbarhet &#8211; Anza Master\" \/>\n<meta property=\"og:description\" content=\"Anza \u00e4r en ledande leverant\u00f6r av m\u00e5leriverktyg, penslar, rollers, reng\u00f6ring och tillbeh\u00f6r. Anza hj\u00e4lper dig med dina m\u00e5leriprojekt. L\u00e4s mer h\u00e4r!\" \/>\n<meta property=\"og:url\" content=\"https:\/\/www.anza.fi\/sv\/om-oss\/hallbarhet\/\" \/>\n<meta property=\"og:site_name\" content=\"Anza Master\" \/>\n<meta property=\"article:publisher\" content=\"https:\/\/www.facebook.com\/anzamaleriverktyg\/\" \/>\n<meta property=\"article:modified_time\" content=\"2024-06-19T10:12:53+00:00\" \/>\n<meta property=\"og:image\" content=\"https:\/\/www.anza.fi\/app\/uploads\/sites\/22\/2022\/02\/about1.jpg\" \/>\n\t<meta property=\"og:image:width\" content=\"1600\" \/>\n\t<meta property=\"og:image:height\" content=\"1200\" \/>\n\t<meta property=\"og:image:type\" content=\"image\/jpeg\" \/>\n<meta name=\"twitter:card\" content=\"summary_large_image\" \/>\n<meta name=\"twitter:label1\" content=\"Ber\u00e4knad l\u00e4stid\" \/>\n\t<meta name=\"twitter:data1\" content=\"2 minuter\" \/>\n<script type=\"application\/ld+json\" class=\"yoast-schema-graph\">{\"@context\":\"https:\\\/\\\/schema.org\",\"@graph\":[{\"@type\":\"WebPage\",\"@id\":\"https:\\\/\\\/www.anza.fi\\\/sv\\\/om-oss\\\/hallbarhet\\\/\",\"url\":\"https:\\\/\\\/www.anza.fi\\\/sv\\\/om-oss\\\/hallbarhet\\\/\",\"name\":\"H\u00e5llbarhet &#8211; Anza Master\",\"isPartOf\":{\"@id\":\"https:\\\/\\\/www.anza.fi\\\/sv\\\/#website\"},\"primaryImageOfPage\":{\"@id\":\"https:\\\/\\\/www.anza.fi\\\/sv\\\/om-oss\\\/hallbarhet\\\/#primaryimage\"},\"image\":{\"@id\":\"https:\\\/\\\/www.anza.fi\\\/sv\\\/om-oss\\\/hallbarhet\\\/#primaryimage\"},\"thumbnailUrl\":\"https:\\\/\\\/www.anza.fi\\\/app\\\/uploads\\\/sites\\\/22\\\/2022\\\/02\\\/about1.jpg\",\"datePublished\":\"2022-02-16T17:33:39+00:00\",\"dateModified\":\"2024-06-19T10:12:53+00:00\",\"description\":\"Anza \u00e4r en ledande leverant\u00f6r av m\u00e5leriverktyg, penslar, rollers, reng\u00f6ring och tillbeh\u00f6r. Anza hj\u00e4lper dig med dina m\u00e5leriprojekt. L\u00e4s mer h\u00e4r!\",\"breadcrumb\":{\"@id\":\"https:\\\/\\\/www.anza.fi\\\/sv\\\/om-oss\\\/hallbarhet\\\/#breadcrumb\"},\"inLanguage\":\"sv-SE\",\"potentialAction\":[{\"@type\":\"ReadAction\",\"target\":[\"https:\\\/\\\/www.anza.fi\\\/sv\\\/om-oss\\\/hallbarhet\\\/\"]}]},{\"@type\":\"ImageObject\",\"inLanguage\":\"sv-SE\",\"@id\":\"https:\\\/\\\/www.anza.fi\\\/sv\\\/om-oss\\\/hallbarhet\\\/#primaryimage\",\"url\":\"https:\\\/\\\/www.anza.fi\\\/app\\\/uploads\\\/sites\\\/22\\\/2022\\\/02\\\/about1.jpg\",\"contentUrl\":\"https:\\\/\\\/www.anza.fi\\\/app\\\/uploads\\\/sites\\\/22\\\/2022\\\/02\\\/about1.jpg\",\"width\":1600,\"height\":1200},{\"@type\":\"BreadcrumbList\",\"@id\":\"https:\\\/\\\/www.anza.fi\\\/sv\\\/om-oss\\\/hallbarhet\\\/#breadcrumb\",\"itemListElement\":[{\"@type\":\"ListItem\",\"position\":1,\"name\":\"Home\",\"item\":\"https:\\\/\\\/www.anza.fi\\\/sv\\\/\"},{\"@type\":\"ListItem\",\"position\":2,\"name\":\"Om oss\",\"item\":\"https:\\\/\\\/www.anza.fi\\\/sv\\\/om-oss\\\/\"},{\"@type\":\"ListItem\",\"position\":3,\"name\":\"H\u00e5llbarhet\"}]},{\"@type\":\"WebSite\",\"@id\":\"https:\\\/\\\/www.anza.fi\\\/sv\\\/#website\",\"url\":\"https:\\\/\\\/www.anza.fi\\\/sv\\\/\",\"name\":\"Anza M\u00e5leriverktyg\",\"description\":\"Brushes, rollers and tools that make painting easier\",\"publisher\":{\"@id\":\"https:\\\/\\\/www.anza.fi\\\/sv\\\/#organization\"},\"potentialAction\":[{\"@type\":\"SearchAction\",\"target\":{\"@type\":\"EntryPoint\",\"urlTemplate\":\"https:\\\/\\\/www.anza.fi\\\/sv\\\/?s={search_term_string}\"},\"query-input\":{\"@type\":\"PropertyValueSpecification\",\"valueRequired\":true,\"valueName\":\"search_term_string\"}}],\"inLanguage\":\"sv-SE\"},{\"@type\":\"Organization\",\"@id\":\"https:\\\/\\\/www.anza.fi\\\/sv\\\/#organization\",\"name\":\"Anza M\u00e5leriverktyg\",\"url\":\"https:\\\/\\\/www.anza.fi\\\/sv\\\/\",\"logo\":{\"@type\":\"ImageObject\",\"inLanguage\":\"sv-SE\",\"@id\":\"https:\\\/\\\/www.anza.fi\\\/sv\\\/#\\\/schema\\\/logo\\\/image\\\/\",\"url\":\"https:\\\/\\\/www.anza.fi\\\/app\\\/uploads\\\/sites\\\/21\\\/2021\\\/11\\\/ANZA_logo_2021_black_payoff.png\",\"contentUrl\":\"https:\\\/\\\/www.anza.fi\\\/app\\\/uploads\\\/sites\\\/21\\\/2021\\\/11\\\/ANZA_logo_2021_black_payoff.png\",\"width\":1582,\"height\":406,\"caption\":\"Anza M\u00e5leriverktyg\"},\"image\":{\"@id\":\"https:\\\/\\\/www.anza.fi\\\/sv\\\/#\\\/schema\\\/logo\\\/image\\\/\"},\"sameAs\":[\"https:\\\/\\\/www.facebook.com\\\/anzamaleriverktyg\\\/\",\"https:\\\/\\\/www.instagram.com\\\/anza_maleriverktyg\\\/\",\"https:\\\/\\\/www.linkedin.com\\\/company\\\/72567641\\\/\",\"https:\\\/\\\/www.youtube.com\\\/channel\\\/UCRly6WXZuX-7p72l_6FeiCg\"]}]}<\/script>\n<!-- \/ Yoast SEO plugin. -->","yoast_head_json":{"title":"H\u00e5llbarhet &#8211; Anza Master","description":"Anza \u00e4r en ledande leverant\u00f6r av m\u00e5leriverktyg, penslar, rollers, reng\u00f6ring och tillbeh\u00f6r. Anza hj\u00e4lper dig med dina m\u00e5leriprojekt. L\u00e4s mer h\u00e4r!","robots":{"index":"noindex","follow":"follow","max-snippet":"max-snippet:-1","max-image-preview":"max-image-preview:large","max-video-preview":"max-video-preview:-1"},"og_locale":"sv_SE","og_type":"website","og_title":"H\u00e5llbarhet &#8211; Anza Master","og_description":"Anza \u00e4r en ledande leverant\u00f6r av m\u00e5leriverktyg, penslar, rollers, reng\u00f6ring och tillbeh\u00f6r. Anza hj\u00e4lper dig med dina m\u00e5leriprojekt. L\u00e4s mer h\u00e4r!","og_url":"https:\/\/www.anza.fi\/sv\/om-oss\/hallbarhet\/","og_site_name":"Anza Master","article_publisher":"https:\/\/www.facebook.com\/anzamaleriverktyg\/","article_modified_time":"2024-06-19T10:12:53+00:00","og_image":[{"width":1600,"height":1200,"url":"https:\/\/www.anza.fi\/app\/uploads\/sites\/22\/2022\/02\/about1.jpg","type":"image\/jpeg"}],"twitter_card":"summary_large_image","twitter_misc":{"Ber\u00e4knad l\u00e4stid":"2 minuter"},"schema":{"@context":"https:\/\/schema.org","@graph":[{"@type":"WebPage","@id":"https:\/\/www.anza.fi\/sv\/om-oss\/hallbarhet\/","url":"https:\/\/www.anza.fi\/sv\/om-oss\/hallbarhet\/","name":"H\u00e5llbarhet &#8211; Anza Master","isPartOf":{"@id":"https:\/\/www.anza.fi\/sv\/#website"},"primaryImageOfPage":{"@id":"https:\/\/www.anza.fi\/sv\/om-oss\/hallbarhet\/#primaryimage"},"image":{"@id":"https:\/\/www.anza.fi\/sv\/om-oss\/hallbarhet\/#primaryimage"},"thumbnailUrl":"https:\/\/www.anza.fi\/app\/uploads\/sites\/22\/2022\/02\/about1.jpg","datePublished":"2022-02-16T17:33:39+00:00","dateModified":"2024-06-19T10:12:53+00:00","description":"Anza \u00e4r en ledande leverant\u00f6r av m\u00e5leriverktyg, penslar, rollers, reng\u00f6ring och tillbeh\u00f6r. Anza hj\u00e4lper dig med dina m\u00e5leriprojekt. L\u00e4s mer h\u00e4r!","breadcrumb":{"@id":"https:\/\/www.anza.fi\/sv\/om-oss\/hallbarhet\/#breadcrumb"},"inLanguage":"sv-SE","potentialAction":[{"@type":"ReadAction","target":["https:\/\/www.anza.fi\/sv\/om-oss\/hallbarhet\/"]}]},{"@type":"ImageObject","inLanguage":"sv-SE","@id":"https:\/\/www.anza.fi\/sv\/om-oss\/hallbarhet\/#primaryimage","url":"https:\/\/www.anza.fi\/app\/uploads\/sites\/22\/2022\/02\/about1.jpg","contentUrl":"https:\/\/www.anza.fi\/app\/uploads\/sites\/22\/2022\/02\/about1.jpg","width":1600,"height":1200},{"@type":"BreadcrumbList","@id":"https:\/\/www.anza.fi\/sv\/om-oss\/hallbarhet\/#breadcrumb","itemListElement":[{"@type":"ListItem","position":1,"name":"Home","item":"https:\/\/www.anza.fi\/sv\/"},{"@type":"ListItem","position":2,"name":"Om oss","item":"https:\/\/www.anza.fi\/sv\/om-oss\/"},{"@type":"ListItem","position":3,"name":"H\u00e5llbarhet"}]},{"@type":"WebSite","@id":"https:\/\/www.anza.fi\/sv\/#website","url":"https:\/\/www.anza.fi\/sv\/","name":"Anza M\u00e5leriverktyg","description":"Brushes, rollers and tools that make painting easier","publisher":{"@id":"https:\/\/www.anza.fi\/sv\/#organization"},"potentialAction":[{"@type":"SearchAction","target":{"@type":"EntryPoint","urlTemplate":"https:\/\/www.anza.fi\/sv\/?s={search_term_string}"},"query-input":{"@type":"PropertyValueSpecification","valueRequired":true,"valueName":"search_term_string"}}],"inLanguage":"sv-SE"},{"@type":"Organization","@id":"https:\/\/www.anza.fi\/sv\/#organization","name":"Anza M\u00e5leriverktyg","url":"https:\/\/www.anza.fi\/sv\/","logo":{"@type":"ImageObject","inLanguage":"sv-SE","@id":"https:\/\/www.anza.fi\/sv\/#\/schema\/logo\/image\/","url":"https:\/\/www.anza.fi\/app\/uploads\/sites\/21\/2021\/11\/ANZA_logo_2021_black_payoff.png","contentUrl":"https:\/\/www.anza.fi\/app\/uploads\/sites\/21\/2021\/11\/ANZA_logo_2021_black_payoff.png","width":1582,"height":406,"caption":"Anza M\u00e5leriverktyg"},"image":{"@id":"https:\/\/www.anza.fi\/sv\/#\/schema\/logo\/image\/"},"sameAs":["https:\/\/www.facebook.com\/anzamaleriverktyg\/","https:\/\/www.instagram.com\/anza_maleriverktyg\/","https:\/\/www.linkedin.com\/company\/72567641\/","https:\/\/www.youtube.com\/channel\/UCRly6WXZuX-7p72l_6FeiCg"]}]}},"_links":{"self":[{"href":"https:\/\/www.anza.fi\/sv\/wp-json\/wp\/v2\/pages\/11411","targetHints":{"allow":["GET"]}}],"collection":[{"href":"https:\/\/www.anza.fi\/sv\/wp-json\/wp\/v2\/pages"}],"about":[{"href":"https:\/\/www.anza.fi\/sv\/wp-json\/wp\/v2\/types\/page"}],"author":[{"embeddable":true,"href":"https:\/\/www.anza.fi\/sv\/wp-json\/wp\/v2\/users\/4"}],"replies":[{"embeddable":true,"href":"https:\/\/www.anza.fi\/sv\/wp-json\/wp\/v2\/comments?post=11411"}],"version-history":[{"count":4,"href":"https:\/\/www.anza.fi\/sv\/wp-json\/wp\/v2\/pages\/11411\/revisions"}],"predecessor-version":[{"id":13989,"href":"https:\/\/www.anza.fi\/sv\/wp-json\/wp\/v2\/pages\/11411\/revisions\/13989"}],"up":[{"embeddable":true,"href":"https:\/\/www.anza.fi\/sv\/wp-json\/wp\/v2\/pages\/11386"}],"wp:featuredmedia":[{"embeddable":true,"href":"https:\/\/www.anza.fi\/sv\/wp-json\/wp\/v2\/media\/10706"}],"wp:attachment":[{"href":"https:\/\/www.anza.fi\/sv\/wp-json\/wp\/v2\/media?parent=11411"}],"curies":[{"name":"wp","href":"https:\/\/api.w.org\/{rel}","templated":true}]}}