{"id":11416,"date":"2022-02-16T11:33:34","date_gmt":"2022-02-16T10:33:34","guid":{"rendered":"https:\/\/www.anza.fi\/wp\/om-oss\/produktion\/"},"modified":"2024-06-19T13:06:36","modified_gmt":"2024-06-19T10:06:36","slug":"produktion","status":"publish","type":"page","link":"https:\/\/www.anza.fi\/sv\/om-oss\/produktion\/","title":{"rendered":"Produktion"},"content":{"rendered":"\n<div class=\"wp-block-group\"><div class=\"wp-block-group__inner-container is-layout-flow wp-block-group-is-layout-flow\">\n<p>All produktutveckling, precis som merparten av tillverkningen, sker i Bankeryd. Intill fabriken finns v\u00e5r utvecklingsavdelning d\u00e4r vi tar fram nya typer av borst, penselhandtag och andra innovationer i dialog med b\u00e5de hemmafixare och yrkesm\u00e5lare. H\u00e4r g\u00f6r vi ocks\u00e5 noggranna tester av v\u00e5ra produkter, s\u00e5 att de verkligen lever upp till v\u00e5ra egna och m\u00e5larnas h\u00f6gt st\u00e4llda krav p\u00e5 ergonomi, funktion och kvalitet.<\/p>\n<\/div><\/div>\n\n\n\n<div class=\"wp-block-media-text alignwide is-stacked-on-mobile is-image-fill bg-white\"><figure class=\"wp-block-media-text__media\" style=\"background-image:url(https:\/\/www.anza.fi\/app\/uploads\/sites\/22\/2022\/02\/8626dcb2ff46abf62dd4f608e8c6b82d-1024x576.jpg);background-position:50% 50%\"><img loading=\"lazy\" decoding=\"async\" width=\"1024\" height=\"576\" src=\"https:\/\/www.anza.fi\/app\/uploads\/sites\/22\/2022\/02\/8626dcb2ff46abf62dd4f608e8c6b82d-1024x576.jpg\" alt=\"Unders\u00f6ker borst fr\u00e5n penseln\" class=\"wp-image-10682 size-large\" srcset=\"https:\/\/www.anza.fi\/app\/uploads\/sites\/22\/2022\/02\/8626dcb2ff46abf62dd4f608e8c6b82d-1024x576.jpg 1024w, https:\/\/www.anza.fi\/app\/uploads\/sites\/22\/2022\/02\/8626dcb2ff46abf62dd4f608e8c6b82d-300x169.jpg 300w, https:\/\/www.anza.fi\/app\/uploads\/sites\/22\/2022\/02\/8626dcb2ff46abf62dd4f608e8c6b82d-768x432.jpg 768w, https:\/\/www.anza.fi\/app\/uploads\/sites\/22\/2022\/02\/8626dcb2ff46abf62dd4f608e8c6b82d-1536x864.jpg 1536w, https:\/\/www.anza.fi\/app\/uploads\/sites\/22\/2022\/02\/8626dcb2ff46abf62dd4f608e8c6b82d-448x252.jpg 448w, https:\/\/www.anza.fi\/app\/uploads\/sites\/22\/2022\/02\/8626dcb2ff46abf62dd4f608e8c6b82d-400x225.jpg 400w, https:\/\/www.anza.fi\/app\/uploads\/sites\/22\/2022\/02\/8626dcb2ff46abf62dd4f608e8c6b82d.jpg 1920w\" sizes=\"auto, (max-width: 1024px) 100vw, 1024px\" \/><\/figure><div class=\"wp-block-media-text__content\">\n<h2 class=\"wp-block-heading\" id=\"konsekvent-innovation-och-utveckling\">Konsekvent innovation och utveckling<\/h2>\n\n\n\n<p>Vi v\u00e5gar s\u00e4ga att ingen annan nordisk penseltillverkare har satsat s\u00e5 konsekvent p\u00e5 innovation och utvecklingsarbete under s\u00e5 l\u00e5ng tid. Att v\u00e5ra produkter verkligen \u00e4r unika i sin effektivitet och ergonomi finns dokumenterat i form av ett hundratal m\u00f6nsterskyddade designl\u00f6sningar och ett flertal patent.<\/p>\n<\/div><\/div>\n\n\n\n<div class=\"wp-block-media-text alignwide has-media-on-the-right is-stacked-on-mobile is-image-fill bg-white\"><div class=\"wp-block-media-text__content\">\n<h2 class=\"wp-block-heading\" id=\"konsekvent-innovation-och-utveckling\">Penslar<\/h2>\n\n\n\n<p>En pensel kan se enkel ut men den best\u00e5r faktiskt av flera olika kritiska material som exempelvis handtag, bleck, lim, il\u00e4gg och borst. Varje del kan p\u00e5verka kvalit\u00e9n samt funktionen av penseln och beh\u00f6ver d\u00e4rf\u00f6r specificeras med kontroll. Allt material ses d\u00e4rf\u00f6r \u00f6ver noga av v\u00e5r utvecklingsavdelning f\u00f6r att ta fram penslar av h\u00f6gsta kvalit\u00e9 med ergonomiska f\u00f6rdelar som underl\u00e4ttar och effektiviserar ditt m\u00e5leriprojekt.<\/p>\n<\/div><figure class=\"wp-block-media-text__media\" style=\"background-image:url(https:\/\/www.anza.fi\/app\/uploads\/sites\/22\/2022\/07\/borst-1024x576.jpg);background-position:50% 50%\"><img loading=\"lazy\" decoding=\"async\" width=\"1024\" height=\"576\" src=\"https:\/\/www.anza.fi\/app\/uploads\/sites\/22\/2022\/07\/borst-1024x576.jpg\" alt=\"Penselborst i produktion\" class=\"wp-image-10976 size-large\" srcset=\"https:\/\/www.anza.fi\/app\/uploads\/sites\/22\/2022\/07\/borst-1024x576.jpg 1024w, https:\/\/www.anza.fi\/app\/uploads\/sites\/22\/2022\/07\/borst-300x169.jpg 300w, https:\/\/www.anza.fi\/app\/uploads\/sites\/22\/2022\/07\/borst-768x432.jpg 768w, https:\/\/www.anza.fi\/app\/uploads\/sites\/22\/2022\/07\/borst-1536x864.jpg 1536w, https:\/\/www.anza.fi\/app\/uploads\/sites\/22\/2022\/07\/borst-448x252.jpg 448w, https:\/\/www.anza.fi\/app\/uploads\/sites\/22\/2022\/07\/borst-400x225.jpg 400w, https:\/\/www.anza.fi\/app\/uploads\/sites\/22\/2022\/07\/borst.jpg 1920w\" sizes=\"auto, (max-width: 1024px) 100vw, 1024px\" \/><\/figure><\/div>\n\n\n\n<div class=\"wp-block-media-text alignwide is-stacked-on-mobile is-image-fill bg-white\"><figure class=\"wp-block-media-text__media\" style=\"background-image:url(https:\/\/www.anza.fi\/app\/uploads\/sites\/22\/2022\/07\/borst-narbild-1024x576.jpg);background-position:50% 50%\"><img loading=\"lazy\" decoding=\"async\" width=\"1024\" height=\"576\" src=\"https:\/\/www.anza.fi\/app\/uploads\/sites\/22\/2022\/07\/borst-narbild-1024x576.jpg\" alt=\"Unders\u00f6kning av borst i ett mikroskop\" class=\"wp-image-10982 size-large\" srcset=\"https:\/\/www.anza.fi\/app\/uploads\/sites\/22\/2022\/07\/borst-narbild-1024x576.jpg 1024w, https:\/\/www.anza.fi\/app\/uploads\/sites\/22\/2022\/07\/borst-narbild-300x169.jpg 300w, https:\/\/www.anza.fi\/app\/uploads\/sites\/22\/2022\/07\/borst-narbild-768x432.jpg 768w, https:\/\/www.anza.fi\/app\/uploads\/sites\/22\/2022\/07\/borst-narbild-1536x864.jpg 1536w, https:\/\/www.anza.fi\/app\/uploads\/sites\/22\/2022\/07\/borst-narbild-448x252.jpg 448w, https:\/\/www.anza.fi\/app\/uploads\/sites\/22\/2022\/07\/borst-narbild-400x225.jpg 400w, https:\/\/www.anza.fi\/app\/uploads\/sites\/22\/2022\/07\/borst-narbild.jpg 1920w\" sizes=\"auto, (max-width: 1024px) 100vw, 1024px\" \/><\/figure><div class=\"wp-block-media-text__content\">\n<h2 class=\"wp-block-heading\" id=\"konsekvent-innovation-och-utveckling\">Skillnad p\u00e5 pensel och pensel<\/h2>\n\n\n\n<p>Det \u00e4r en stor skillnad p\u00e5 olika penslar n\u00e4r det g\u00e4ller f\u00e4rgupptagning och hur bra de ger ifr\u00e5n sig den f\u00e4rg de tagit upp. Det \u00e4r flera faktorer som \u00e4r avg\u00f6rande f\u00f6r hur bra dessa egenskaper ska bli hos en pensel. En mycket viktig faktor \u00e4r att hitta en bra kombination av olika l\u00e4ngder, former och tjocklek p\u00e5 str\u00e5na i penseln. Framf\u00f6r allt \u00e4r det viktigt att toppmaterialet i penseln \u00e4r av b\u00e4sta kvalitet, detta har stor inverkan p\u00e5 hur penseln presterar \u2013 speciellt n\u00e4r det kommer till finish och hur j\u00e4mntjockt lager f\u00e4rg som penseln l\u00e4mnar efter sig vid varje penseldrag. Av denna anledning studerar v\u00e5r utvecklingsavdelning noggrant olika borstkombinationer och tar fram unika borstblandningar speciellt framtagna f\u00f6r sin uppgift.<\/p>\n<\/div><\/div>\n\n\n\n<div class=\"wp-block-media-text alignwide has-media-on-the-right is-stacked-on-mobile is-image-fill bg-white\"><div class=\"wp-block-media-text__content\">\n<h2 class=\"wp-block-heading\" id=\"konsekvent-innovation-och-utveckling\">Rollers<\/h2>\n\n\n\n<p>Rollers tillverkas av syntetmaterial, antingen genom att v\u00e4vas eller stickas (rundstickning eller varpstickning). Vid produktionen styr man b\u00e5de hur t\u00e4t och tjock v\u00e4ven ska bli samt hur l\u00e5ng luggl\u00e4ngden ska bli. De olika teknikerna och specifikationen p\u00e5verkar hur rollerv\u00e4ven sedan upplevs vid m\u00e5lning, exempelvis om den h\u00e5ller mycket eller lite f\u00e4rg. V\u00e4ven kardas d\u00e4refter f\u00f6r att bli renare fr\u00e5n fibersl\u00e4pp, f\u00e5 \u00f6nskad m\u00e5lad finish och f\u00f6r att styra m\u00e5lningsk\u00e4nslan. F\u00f6r att ytterligare styra rollerns prestanda f\u00f6r\u00e4dlar vi \u00e4ven v\u00e4ven vid rollerproduktionen: kanterna klipps och fasas, f\u00f6r att minska risken f\u00f6r r\u00e4nder med tjock f\u00e4rg n\u00e4r du m\u00e5lar. Allt detta g\u00f6rs f\u00f6r att ta fram h\u00f6gkvalitativa rollers, anpassade och optimerade f\u00f6r det t\u00e4nkta anv\u00e4ndningsomr\u00e5det.<\/p>\n<\/div><figure class=\"wp-block-media-text__media\" style=\"background-image:url(https:\/\/www.anza.fi\/app\/uploads\/sites\/22\/2022\/07\/rollers-foradling-1024x575.jpg);background-position:50% 50%\"><img loading=\"lazy\" decoding=\"async\" width=\"1024\" height=\"575\" src=\"https:\/\/www.anza.fi\/app\/uploads\/sites\/22\/2022\/07\/rollers-foradling-1024x575.jpg\" alt=\"F\u00f6r\u00e4dling av rollers\" class=\"wp-image-10984 size-large\" srcset=\"https:\/\/www.anza.fi\/app\/uploads\/sites\/22\/2022\/07\/rollers-foradling-1024x575.jpg 1024w, https:\/\/www.anza.fi\/app\/uploads\/sites\/22\/2022\/07\/rollers-foradling-300x169.jpg 300w, https:\/\/www.anza.fi\/app\/uploads\/sites\/22\/2022\/07\/rollers-foradling-768x431.jpg 768w, https:\/\/www.anza.fi\/app\/uploads\/sites\/22\/2022\/07\/rollers-foradling-448x252.jpg 448w, https:\/\/www.anza.fi\/app\/uploads\/sites\/22\/2022\/07\/rollers-foradling-400x225.jpg 400w, https:\/\/www.anza.fi\/app\/uploads\/sites\/22\/2022\/07\/rollers-foradling.jpg 1264w\" sizes=\"auto, (max-width: 1024px) 100vw, 1024px\" \/><\/figure><\/div>\n\n\n\n<div class=\"wp-block-media-text alignwide is-stacked-on-mobile is-image-fill bg-white\"><figure class=\"wp-block-media-text__media\" style=\"background-image:url(https:\/\/www.anza.fi\/app\/uploads\/sites\/22\/2022\/07\/verktyg-1024x575.jpg);background-position:50% 50%\"><img loading=\"lazy\" decoding=\"async\" width=\"1024\" height=\"575\" src=\"https:\/\/www.anza.fi\/app\/uploads\/sites\/22\/2022\/07\/verktyg-1024x575.jpg\" alt=\"Skiss p\u00e5 bredspackel\" class=\"wp-image-10986 size-large\" srcset=\"https:\/\/www.anza.fi\/app\/uploads\/sites\/22\/2022\/07\/verktyg-1024x575.jpg 1024w, https:\/\/www.anza.fi\/app\/uploads\/sites\/22\/2022\/07\/verktyg-300x169.jpg 300w, https:\/\/www.anza.fi\/app\/uploads\/sites\/22\/2022\/07\/verktyg-768x431.jpg 768w, https:\/\/www.anza.fi\/app\/uploads\/sites\/22\/2022\/07\/verktyg-448x252.jpg 448w, https:\/\/www.anza.fi\/app\/uploads\/sites\/22\/2022\/07\/verktyg-400x225.jpg 400w, https:\/\/www.anza.fi\/app\/uploads\/sites\/22\/2022\/07\/verktyg.jpg 1264w\" sizes=\"auto, (max-width: 1024px) 100vw, 1024px\" \/><\/figure><div class=\"wp-block-media-text__content\">\n<h2 class=\"wp-block-heading\" id=\"konsekvent-innovation-och-utveckling\">Verktyg<\/h2>\n\n\n\n<p>N\u00e4r du ska m\u00e5la \u00e4r f\u00f6rarbetet ofta m\u00e5nga g\u00e5nger ett av de tyngre momenten. Av denna anledning arbetar vi f\u00f6r att ta fram effektiva och ergonomiska verktyg f\u00f6r att b\u00e5de spara tid och din kropp. V\u00e5ra m\u00e5leriverktyg utformas d\u00e4rf\u00f6r med ergonomiska, bekv\u00e4ma grepp och \u00e4r ofta f\u00f6rl\u00e4ngningsbara s\u00e5 att du kan skona dina axlar och rygg.<\/p>\n<\/div><\/div>\n","protected":false},"excerpt":{"rendered":"<p>Unik ergonomi och effektivitet<\/p>\n","protected":false},"author":4,"featured_media":10684,"parent":11386,"menu_order":0,"comment_status":"closed","ping_status":"closed","template":"About.php","meta":{"_acf_changed":false,"_relevanssi_hide_post":"","_relevanssi_hide_content":"","_relevanssi_pin_for_all":"","_relevanssi_pin_keywords":"","_relevanssi_unpin_keywords":"","_relevanssi_related_keywords":"","_relevanssi_related_include_ids":"","_relevanssi_related_exclude_ids":"","_relevanssi_related_no_append":"","_relevanssi_related_not_related":"","_relevanssi_related_posts":"","_relevanssi_noindex_reason":"","inline_featured_image":false,"footnotes":""},"class_list":["post-11416","page","type-page","status-publish","has-post-thumbnail","hentry"],"acf":[],"yoast_head":"<!-- This site is optimized with the Yoast SEO plugin v27.4 - https:\/\/yoast.com\/product\/yoast-seo-wordpress\/ -->\n<title>Produktion &#8211; Anza Master<\/title>\n<meta name=\"description\" content=\"All produktutveckling, precis som merparten av tillverkningen, sker i Bankeryd. Intill fabriken finns \u00e4ven v\u00e5r utvecklingsavdelning.\" \/>\n<meta name=\"robots\" content=\"noindex, follow, max-snippet:-1, max-image-preview:large, max-video-preview:-1\" \/>\n<meta property=\"og:locale\" content=\"sv_SE\" \/>\n<meta property=\"og:type\" content=\"website\" \/>\n<meta property=\"og:title\" content=\"Produktion &#8211; Anza Master\" \/>\n<meta property=\"og:description\" content=\"All produktutveckling, precis som merparten av tillverkningen, sker i Bankeryd. Intill fabriken finns \u00e4ven v\u00e5r utvecklingsavdelning.\" \/>\n<meta property=\"og:url\" content=\"https:\/\/www.anza.fi\/sv\/om-oss\/produktion\/\" \/>\n<meta property=\"og:site_name\" content=\"Anza Master\" \/>\n<meta property=\"article:publisher\" content=\"https:\/\/www.facebook.com\/anzamaleriverktyg\/\" \/>\n<meta property=\"article:modified_time\" content=\"2024-06-19T10:06:36+00:00\" \/>\n<meta property=\"og:image\" content=\"https:\/\/www.anza.fi\/app\/uploads\/sites\/22\/2022\/02\/15426ec10817b6f13c1c960b2911e0da-1024x512.png\" \/>\n\t<meta property=\"og:image:width\" content=\"1024\" \/>\n\t<meta property=\"og:image:height\" content=\"512\" \/>\n\t<meta property=\"og:image:type\" content=\"image\/png\" \/>\n<meta name=\"twitter:card\" content=\"summary_large_image\" \/>\n<meta name=\"twitter:label1\" content=\"Ber\u00e4knad l\u00e4stid\" \/>\n\t<meta name=\"twitter:data1\" content=\"4 minuter\" \/>\n<script type=\"application\/ld+json\" class=\"yoast-schema-graph\">{\"@context\":\"https:\\\/\\\/schema.org\",\"@graph\":[{\"@type\":\"WebPage\",\"@id\":\"https:\\\/\\\/www.anza.fi\\\/sv\\\/om-oss\\\/produktion\\\/\",\"url\":\"https:\\\/\\\/www.anza.fi\\\/sv\\\/om-oss\\\/produktion\\\/\",\"name\":\"Produktion &#8211; Anza Master\",\"isPartOf\":{\"@id\":\"https:\\\/\\\/www.anza.fi\\\/sv\\\/#website\"},\"primaryImageOfPage\":{\"@id\":\"https:\\\/\\\/www.anza.fi\\\/sv\\\/om-oss\\\/produktion\\\/#primaryimage\"},\"image\":{\"@id\":\"https:\\\/\\\/www.anza.fi\\\/sv\\\/om-oss\\\/produktion\\\/#primaryimage\"},\"thumbnailUrl\":\"https:\\\/\\\/www.anza.fi\\\/app\\\/uploads\\\/sites\\\/22\\\/2022\\\/02\\\/15426ec10817b6f13c1c960b2911e0da.png\",\"datePublished\":\"2022-02-16T10:33:34+00:00\",\"dateModified\":\"2024-06-19T10:06:36+00:00\",\"description\":\"All produktutveckling, precis som merparten av tillverkningen, sker i Bankeryd. Intill fabriken finns \u00e4ven v\u00e5r utvecklingsavdelning.\",\"breadcrumb\":{\"@id\":\"https:\\\/\\\/www.anza.fi\\\/sv\\\/om-oss\\\/produktion\\\/#breadcrumb\"},\"inLanguage\":\"sv-SE\",\"potentialAction\":[{\"@type\":\"ReadAction\",\"target\":[\"https:\\\/\\\/www.anza.fi\\\/sv\\\/om-oss\\\/produktion\\\/\"]}]},{\"@type\":\"ImageObject\",\"inLanguage\":\"sv-SE\",\"@id\":\"https:\\\/\\\/www.anza.fi\\\/sv\\\/om-oss\\\/produktion\\\/#primaryimage\",\"url\":\"https:\\\/\\\/www.anza.fi\\\/app\\\/uploads\\\/sites\\\/22\\\/2022\\\/02\\\/15426ec10817b6f13c1c960b2911e0da.png\",\"contentUrl\":\"https:\\\/\\\/www.anza.fi\\\/app\\\/uploads\\\/sites\\\/22\\\/2022\\\/02\\\/15426ec10817b6f13c1c960b2911e0da.png\",\"width\":1680,\"height\":840,\"caption\":\"Rita\"},{\"@type\":\"BreadcrumbList\",\"@id\":\"https:\\\/\\\/www.anza.fi\\\/sv\\\/om-oss\\\/produktion\\\/#breadcrumb\",\"itemListElement\":[{\"@type\":\"ListItem\",\"position\":1,\"name\":\"Home\",\"item\":\"https:\\\/\\\/www.anza.fi\\\/sv\\\/\"},{\"@type\":\"ListItem\",\"position\":2,\"name\":\"Om oss\",\"item\":\"https:\\\/\\\/www.anza.fi\\\/sv\\\/om-oss\\\/\"},{\"@type\":\"ListItem\",\"position\":3,\"name\":\"Produktion\"}]},{\"@type\":\"WebSite\",\"@id\":\"https:\\\/\\\/www.anza.fi\\\/sv\\\/#website\",\"url\":\"https:\\\/\\\/www.anza.fi\\\/sv\\\/\",\"name\":\"Anza M\u00e5leriverktyg\",\"description\":\"Brushes, rollers and tools that make painting easier\",\"publisher\":{\"@id\":\"https:\\\/\\\/www.anza.fi\\\/sv\\\/#organization\"},\"potentialAction\":[{\"@type\":\"SearchAction\",\"target\":{\"@type\":\"EntryPoint\",\"urlTemplate\":\"https:\\\/\\\/www.anza.fi\\\/sv\\\/?s={search_term_string}\"},\"query-input\":{\"@type\":\"PropertyValueSpecification\",\"valueRequired\":true,\"valueName\":\"search_term_string\"}}],\"inLanguage\":\"sv-SE\"},{\"@type\":\"Organization\",\"@id\":\"https:\\\/\\\/www.anza.fi\\\/sv\\\/#organization\",\"name\":\"Anza M\u00e5leriverktyg\",\"url\":\"https:\\\/\\\/www.anza.fi\\\/sv\\\/\",\"logo\":{\"@type\":\"ImageObject\",\"inLanguage\":\"sv-SE\",\"@id\":\"https:\\\/\\\/www.anza.fi\\\/sv\\\/#\\\/schema\\\/logo\\\/image\\\/\",\"url\":\"https:\\\/\\\/www.anza.fi\\\/app\\\/uploads\\\/sites\\\/21\\\/2021\\\/11\\\/ANZA_logo_2021_black_payoff.png\",\"contentUrl\":\"https:\\\/\\\/www.anza.fi\\\/app\\\/uploads\\\/sites\\\/21\\\/2021\\\/11\\\/ANZA_logo_2021_black_payoff.png\",\"width\":1582,\"height\":406,\"caption\":\"Anza M\u00e5leriverktyg\"},\"image\":{\"@id\":\"https:\\\/\\\/www.anza.fi\\\/sv\\\/#\\\/schema\\\/logo\\\/image\\\/\"},\"sameAs\":[\"https:\\\/\\\/www.facebook.com\\\/anzamaleriverktyg\\\/\",\"https:\\\/\\\/www.instagram.com\\\/anza_maleriverktyg\\\/\",\"https:\\\/\\\/www.linkedin.com\\\/company\\\/72567641\\\/\",\"https:\\\/\\\/www.youtube.com\\\/channel\\\/UCRly6WXZuX-7p72l_6FeiCg\"]}]}<\/script>\n<!-- \/ Yoast SEO plugin. -->","yoast_head_json":{"title":"Produktion &#8211; Anza Master","description":"All produktutveckling, precis som merparten av tillverkningen, sker i Bankeryd. Intill fabriken finns \u00e4ven v\u00e5r utvecklingsavdelning.","robots":{"index":"noindex","follow":"follow","max-snippet":"max-snippet:-1","max-image-preview":"max-image-preview:large","max-video-preview":"max-video-preview:-1"},"og_locale":"sv_SE","og_type":"website","og_title":"Produktion &#8211; Anza Master","og_description":"All produktutveckling, precis som merparten av tillverkningen, sker i Bankeryd. Intill fabriken finns \u00e4ven v\u00e5r utvecklingsavdelning.","og_url":"https:\/\/www.anza.fi\/sv\/om-oss\/produktion\/","og_site_name":"Anza Master","article_publisher":"https:\/\/www.facebook.com\/anzamaleriverktyg\/","article_modified_time":"2024-06-19T10:06:36+00:00","og_image":[{"width":1024,"height":512,"url":"https:\/\/www.anza.fi\/app\/uploads\/sites\/22\/2022\/02\/15426ec10817b6f13c1c960b2911e0da-1024x512.png","type":"image\/png"}],"twitter_card":"summary_large_image","twitter_misc":{"Ber\u00e4knad l\u00e4stid":"4 minuter"},"schema":{"@context":"https:\/\/schema.org","@graph":[{"@type":"WebPage","@id":"https:\/\/www.anza.fi\/sv\/om-oss\/produktion\/","url":"https:\/\/www.anza.fi\/sv\/om-oss\/produktion\/","name":"Produktion &#8211; Anza Master","isPartOf":{"@id":"https:\/\/www.anza.fi\/sv\/#website"},"primaryImageOfPage":{"@id":"https:\/\/www.anza.fi\/sv\/om-oss\/produktion\/#primaryimage"},"image":{"@id":"https:\/\/www.anza.fi\/sv\/om-oss\/produktion\/#primaryimage"},"thumbnailUrl":"https:\/\/www.anza.fi\/app\/uploads\/sites\/22\/2022\/02\/15426ec10817b6f13c1c960b2911e0da.png","datePublished":"2022-02-16T10:33:34+00:00","dateModified":"2024-06-19T10:06:36+00:00","description":"All produktutveckling, precis som merparten av tillverkningen, sker i Bankeryd. Intill fabriken finns \u00e4ven v\u00e5r utvecklingsavdelning.","breadcrumb":{"@id":"https:\/\/www.anza.fi\/sv\/om-oss\/produktion\/#breadcrumb"},"inLanguage":"sv-SE","potentialAction":[{"@type":"ReadAction","target":["https:\/\/www.anza.fi\/sv\/om-oss\/produktion\/"]}]},{"@type":"ImageObject","inLanguage":"sv-SE","@id":"https:\/\/www.anza.fi\/sv\/om-oss\/produktion\/#primaryimage","url":"https:\/\/www.anza.fi\/app\/uploads\/sites\/22\/2022\/02\/15426ec10817b6f13c1c960b2911e0da.png","contentUrl":"https:\/\/www.anza.fi\/app\/uploads\/sites\/22\/2022\/02\/15426ec10817b6f13c1c960b2911e0da.png","width":1680,"height":840,"caption":"Rita"},{"@type":"BreadcrumbList","@id":"https:\/\/www.anza.fi\/sv\/om-oss\/produktion\/#breadcrumb","itemListElement":[{"@type":"ListItem","position":1,"name":"Home","item":"https:\/\/www.anza.fi\/sv\/"},{"@type":"ListItem","position":2,"name":"Om oss","item":"https:\/\/www.anza.fi\/sv\/om-oss\/"},{"@type":"ListItem","position":3,"name":"Produktion"}]},{"@type":"WebSite","@id":"https:\/\/www.anza.fi\/sv\/#website","url":"https:\/\/www.anza.fi\/sv\/","name":"Anza M\u00e5leriverktyg","description":"Brushes, rollers and tools that make painting easier","publisher":{"@id":"https:\/\/www.anza.fi\/sv\/#organization"},"potentialAction":[{"@type":"SearchAction","target":{"@type":"EntryPoint","urlTemplate":"https:\/\/www.anza.fi\/sv\/?s={search_term_string}"},"query-input":{"@type":"PropertyValueSpecification","valueRequired":true,"valueName":"search_term_string"}}],"inLanguage":"sv-SE"},{"@type":"Organization","@id":"https:\/\/www.anza.fi\/sv\/#organization","name":"Anza M\u00e5leriverktyg","url":"https:\/\/www.anza.fi\/sv\/","logo":{"@type":"ImageObject","inLanguage":"sv-SE","@id":"https:\/\/www.anza.fi\/sv\/#\/schema\/logo\/image\/","url":"https:\/\/www.anza.fi\/app\/uploads\/sites\/21\/2021\/11\/ANZA_logo_2021_black_payoff.png","contentUrl":"https:\/\/www.anza.fi\/app\/uploads\/sites\/21\/2021\/11\/ANZA_logo_2021_black_payoff.png","width":1582,"height":406,"caption":"Anza M\u00e5leriverktyg"},"image":{"@id":"https:\/\/www.anza.fi\/sv\/#\/schema\/logo\/image\/"},"sameAs":["https:\/\/www.facebook.com\/anzamaleriverktyg\/","https:\/\/www.instagram.com\/anza_maleriverktyg\/","https:\/\/www.linkedin.com\/company\/72567641\/","https:\/\/www.youtube.com\/channel\/UCRly6WXZuX-7p72l_6FeiCg"]}]}},"_links":{"self":[{"href":"https:\/\/www.anza.fi\/sv\/wp-json\/wp\/v2\/pages\/11416","targetHints":{"allow":["GET"]}}],"collection":[{"href":"https:\/\/www.anza.fi\/sv\/wp-json\/wp\/v2\/pages"}],"about":[{"href":"https:\/\/www.anza.fi\/sv\/wp-json\/wp\/v2\/types\/page"}],"author":[{"embeddable":true,"href":"https:\/\/www.anza.fi\/sv\/wp-json\/wp\/v2\/users\/4"}],"replies":[{"embeddable":true,"href":"https:\/\/www.anza.fi\/sv\/wp-json\/wp\/v2\/comments?post=11416"}],"version-history":[{"count":4,"href":"https:\/\/www.anza.fi\/sv\/wp-json\/wp\/v2\/pages\/11416\/revisions"}],"predecessor-version":[{"id":13987,"href":"https:\/\/www.anza.fi\/sv\/wp-json\/wp\/v2\/pages\/11416\/revisions\/13987"}],"up":[{"embeddable":true,"href":"https:\/\/www.anza.fi\/sv\/wp-json\/wp\/v2\/pages\/11386"}],"wp:featuredmedia":[{"embeddable":true,"href":"https:\/\/www.anza.fi\/sv\/wp-json\/wp\/v2\/media\/10684"}],"wp:attachment":[{"href":"https:\/\/www.anza.fi\/sv\/wp-json\/wp\/v2\/media?parent=11416"}],"curies":[{"name":"wp","href":"https:\/\/api.w.org\/{rel}","templated":true}]}}